    {"id":4158,"date":"2021-01-29T08:11:00","date_gmt":"2021-01-29T10:47:21","guid":{"rendered":"https:\/\/www.artuur-watches.be\/?post_type=product&#038;p=4158"},"modified":"2021-09-10T09:34:47","modified_gmt":"2021-09-10T07:34:47","slug":"artuur-rosegoldpack","status":"publish","type":"product","link":"https:\/\/staging.artuur-watches.be\/fr\/produit\/artuur-rosegoldpack\/","title":{"rendered":"ARTUUR Rose Gold pack"},"content":{"rendered":"","protected":false},"excerpt":{"rendered":"<p>Bo\u00eete plaqu\u00e9 or rose \/ Cadran blanc \/ Incrustations en or rose<\/p>\n<p>&nbsp;<\/p>\n<p>La bo\u00eete ARTUUR Or Rose est destin\u00e9e \u00e0 ceux qui aiment se d\u00e9marquer. Il est livr\u00e9 avec le bracelet brun fonc\u00e9 caract\u00e9ristique, un bracelet suppl\u00e9mentaire en maille d\u2019or rose et un bracelet en tissu beige avec la fermeture en or rose. La montre en or rose poss\u00e8de notre cadran incurv\u00e9 brevet\u00e9 et chaque d\u00e9tail est fabriqu\u00e9 avec soin pour offrir la meilleure qualit\u00e9 possible. Quelle que soit l\u2019occasion qui se pr\u00e9sente, vous serez pr\u00eat en un clin d\u2019oeil avec notre pack en or rose \u00e0 disposition.<\/p>\n","protected":false},"featured_media":4210,"template":"","meta":{"inline_featured_image":false,"_joinchat":[]},"product_cat":[169,248],"product_tag":[],"class_list":{"0":"post-4158","1":"product","2":"type-product","3":"status-publish","4":"has-post-thumbnail","6":"product_cat-packs","7":"product_cat-rose-gold-fr","9":"first","10":"instock","11":"taxable","12":"shipping-taxable","13":"purchasable","14":"product-type-simple"},"yoast_head":"<!-- This site is optimized with the Yoast SEO plugin v23.5 - https:\/\/yoast.com\/wordpress\/plugins\/seo\/ -->\n<title>ARTUUR Rose Gold pack - Artuur Watches<\/title>\n<meta name=\"description\" content=\"La bo\u00eete ARTUUR Or Rose est destin\u00e9e \u00e0 ceux qui aiment se d\u00e9marquer. Il est livr\u00e9 avec le bracelet brun fonc\u00e9 caract\u00e9ristique, un bracelet suppl\u00e9mentaire en maille d\u2019or rose et un bracelet en tissu beige avec la fermeture en or rose.\" \/>\n<meta name=\"robots\" content=\"noindex, follow, max-snippet:-1, max-image-preview:large, max-video-preview:-1\" \/>\n<meta property=\"og:locale\" content=\"fr_FR\" \/>\n<meta property=\"og:type\" content=\"article\" \/>\n<meta property=\"og:title\" content=\"ARTUUR Rose Gold pack - Artuur Watches\" \/>\n<meta property=\"og:description\" content=\"La bo\u00eete ARTUUR Or Rose est destin\u00e9e \u00e0 ceux qui aiment se d\u00e9marquer. Il est livr\u00e9 avec le bracelet brun fonc\u00e9 caract\u00e9ristique, un bracelet suppl\u00e9mentaire en maille d\u2019or rose et un bracelet en tissu beige avec la fermeture en or rose.\" \/>\n<meta property=\"og:url\" content=\"https:\/\/staging.artuur-watches.be\/fr\/produit\/artuur-rosegoldpack\/\" \/>\n<meta property=\"og:site_name\" content=\"Artuur Watches\" \/>\n<meta property=\"article:publisher\" content=\"https:\/\/www.facebook.com\/artuurwatches\/\" \/>\n<meta property=\"article:modified_time\" content=\"2021-09-10T07:34:47+00:00\" \/>\n<meta property=\"og:image\" content=\"https:\/\/staging.artuur-watches.be\/wp-content\/uploads\/2021\/01\/pack-artuur-rose-gold.png\" \/>\n\t<meta property=\"og:image:width\" content=\"650\" \/>\n\t<meta property=\"og:image:height\" content=\"850\" \/>\n\t<meta property=\"og:image:type\" content=\"image\/png\" \/>\n<meta name=\"twitter:card\" content=\"summary_large_image\" \/>\n<script type=\"application\/ld+json\" class=\"yoast-schema-graph\">{\"@context\":\"https:\/\/schema.org\",\"@graph\":[{\"@type\":\"WebPage\",\"@id\":\"https:\/\/staging.artuur-watches.be\/fr\/produit\/artuur-rosegoldpack\/\",\"url\":\"https:\/\/staging.artuur-watches.be\/fr\/produit\/artuur-rosegoldpack\/\",\"name\":\"ARTUUR Rose Gold pack - Artuur Watches\",\"isPartOf\":{\"@id\":\"https:\/\/staging.artuur-watches.be\/fr\/#website\"},\"primaryImageOfPage\":{\"@id\":\"https:\/\/staging.artuur-watches.be\/fr\/produit\/artuur-rosegoldpack\/#primaryimage\"},\"image\":{\"@id\":\"https:\/\/staging.artuur-watches.be\/fr\/produit\/artuur-rosegoldpack\/#primaryimage\"},\"thumbnailUrl\":\"https:\/\/staging.artuur-watches.be\/wp-content\/uploads\/2021\/01\/pack-artuur-rose-gold.png\",\"datePublished\":\"2021-01-29T10:47:21+00:00\",\"dateModified\":\"2021-09-10T07:34:47+00:00\",\"description\":\"La bo\u00eete ARTUUR Or Rose est destin\u00e9e \u00e0 ceux qui aiment se d\u00e9marquer. Il est livr\u00e9 avec le bracelet brun fonc\u00e9 caract\u00e9ristique, un bracelet suppl\u00e9mentaire en maille d\u2019or rose et un bracelet en tissu beige avec la fermeture en or rose.\",\"breadcrumb\":{\"@id\":\"https:\/\/staging.artuur-watches.be\/fr\/produit\/artuur-rosegoldpack\/#breadcrumb\"},\"inLanguage\":\"fr-BE\",\"potentialAction\":[{\"@type\":\"ReadAction\",\"target\":[\"https:\/\/staging.artuur-watches.be\/fr\/produit\/artuur-rosegoldpack\/\"]}]},{\"@type\":\"ImageObject\",\"inLanguage\":\"fr-BE\",\"@id\":\"https:\/\/staging.artuur-watches.be\/fr\/produit\/artuur-rosegoldpack\/#primaryimage\",\"url\":\"https:\/\/staging.artuur-watches.be\/wp-content\/uploads\/2021\/01\/pack-artuur-rose-gold.png\",\"contentUrl\":\"https:\/\/staging.artuur-watches.be\/wp-content\/uploads\/2021\/01\/pack-artuur-rose-gold.png\",\"width\":650,\"height\":850},{\"@type\":\"BreadcrumbList\",\"@id\":\"https:\/\/staging.artuur-watches.be\/fr\/produit\/artuur-rosegoldpack\/#breadcrumb\",\"itemListElement\":[{\"@type\":\"ListItem\",\"position\":1,\"name\":\"Home\",\"item\":\"https:\/\/staging.artuur-watches.be\/fr\/\"},{\"@type\":\"ListItem\",\"position\":2,\"name\":\"Shop\",\"item\":\"https:\/\/staging.artuur-watches.be\/winkel\/\"},{\"@type\":\"ListItem\",\"position\":3,\"name\":\"ARTUUR Rose Gold pack\"}]},{\"@type\":\"WebSite\",\"@id\":\"https:\/\/staging.artuur-watches.be\/fr\/#website\",\"url\":\"https:\/\/staging.artuur-watches.be\/fr\/\",\"name\":\"Artuur Watches\",\"description\":\"A new Belgian watchbrand, combining timelessness and elegance in a super-personal design.\",\"publisher\":{\"@id\":\"https:\/\/staging.artuur-watches.be\/fr\/#organization\"},\"potentialAction\":[{\"@type\":\"SearchAction\",\"target\":{\"@type\":\"EntryPoint\",\"urlTemplate\":\"https:\/\/staging.artuur-watches.be\/fr\/?s={search_term_string}\"},\"query-input\":{\"@type\":\"PropertyValueSpecification\",\"valueRequired\":true,\"valueName\":\"search_term_string\"}}],\"inLanguage\":\"fr-BE\"},{\"@type\":\"Organization\",\"@id\":\"https:\/\/staging.artuur-watches.be\/fr\/#organization\",\"name\":\"Artuur watches\",\"url\":\"https:\/\/staging.artuur-watches.be\/fr\/\",\"logo\":{\"@type\":\"ImageObject\",\"inLanguage\":\"fr-BE\",\"@id\":\"https:\/\/staging.artuur-watches.be\/fr\/#\/schema\/logo\/image\/\",\"url\":\"https:\/\/www.artuur-watches.be\/wp-content\/uploads\/2020\/07\/Logo_Artuur-dark_Artuur.png\",\"contentUrl\":\"https:\/\/www.artuur-watches.be\/wp-content\/uploads\/2020\/07\/Logo_Artuur-dark_Artuur.png\",\"width\":5316,\"height\":751,\"caption\":\"Artuur watches\"},\"image\":{\"@id\":\"https:\/\/staging.artuur-watches.be\/fr\/#\/schema\/logo\/image\/\"},\"sameAs\":[\"https:\/\/www.facebook.com\/artuurwatches\/\",\"https:\/\/www.instagram.com\/artuurwatches\/\"]}]}<\/script>\n<!-- \/ Yoast SEO plugin. -->","yoast_head_json":{"title":"ARTUUR Rose Gold pack - Artuur Watches","description":"La bo\u00eete ARTUUR Or Rose est destin\u00e9e \u00e0 ceux qui aiment se d\u00e9marquer. Il est livr\u00e9 avec le bracelet brun fonc\u00e9 caract\u00e9ristique, un bracelet suppl\u00e9mentaire en maille d\u2019or rose et un bracelet en tissu beige avec la fermeture en or rose.","robots":{"index":"noindex","follow":"follow","max-snippet":"max-snippet:-1","max-image-preview":"max-image-preview:large","max-video-preview":"max-video-preview:-1"},"og_locale":"fr_FR","og_type":"article","og_title":"ARTUUR Rose Gold pack - Artuur Watches","og_description":"La bo\u00eete ARTUUR Or Rose est destin\u00e9e \u00e0 ceux qui aiment se d\u00e9marquer. Il est livr\u00e9 avec le bracelet brun fonc\u00e9 caract\u00e9ristique, un bracelet suppl\u00e9mentaire en maille d\u2019or rose et un bracelet en tissu beige avec la fermeture en or rose.","og_url":"https:\/\/staging.artuur-watches.be\/fr\/produit\/artuur-rosegoldpack\/","og_site_name":"Artuur Watches","article_publisher":"https:\/\/www.facebook.com\/artuurwatches\/","article_modified_time":"2021-09-10T07:34:47+00:00","og_image":[{"width":650,"height":850,"url":"https:\/\/staging.artuur-watches.be\/wp-content\/uploads\/2021\/01\/pack-artuur-rose-gold.png","type":"image\/png"}],"twitter_card":"summary_large_image","schema":{"@context":"https:\/\/schema.org","@graph":[{"@type":"WebPage","@id":"https:\/\/staging.artuur-watches.be\/fr\/produit\/artuur-rosegoldpack\/","url":"https:\/\/staging.artuur-watches.be\/fr\/produit\/artuur-rosegoldpack\/","name":"ARTUUR Rose Gold pack - Artuur Watches","isPartOf":{"@id":"https:\/\/staging.artuur-watches.be\/fr\/#website"},"primaryImageOfPage":{"@id":"https:\/\/staging.artuur-watches.be\/fr\/produit\/artuur-rosegoldpack\/#primaryimage"},"image":{"@id":"https:\/\/staging.artuur-watches.be\/fr\/produit\/artuur-rosegoldpack\/#primaryimage"},"thumbnailUrl":"https:\/\/staging.artuur-watches.be\/wp-content\/uploads\/2021\/01\/pack-artuur-rose-gold.png","datePublished":"2021-01-29T10:47:21+00:00","dateModified":"2021-09-10T07:34:47+00:00","description":"La bo\u00eete ARTUUR Or Rose est destin\u00e9e \u00e0 ceux qui aiment se d\u00e9marquer. Il est livr\u00e9 avec le bracelet brun fonc\u00e9 caract\u00e9ristique, un bracelet suppl\u00e9mentaire en maille d\u2019or rose et un bracelet en tissu beige avec la fermeture en or rose.","breadcrumb":{"@id":"https:\/\/staging.artuur-watches.be\/fr\/produit\/artuur-rosegoldpack\/#breadcrumb"},"inLanguage":"fr-BE","potentialAction":[{"@type":"ReadAction","target":["https:\/\/staging.artuur-watches.be\/fr\/produit\/artuur-rosegoldpack\/"]}]},{"@type":"ImageObject","inLanguage":"fr-BE","@id":"https:\/\/staging.artuur-watches.be\/fr\/produit\/artuur-rosegoldpack\/#primaryimage","url":"https:\/\/staging.artuur-watches.be\/wp-content\/uploads\/2021\/01\/pack-artuur-rose-gold.png","contentUrl":"https:\/\/staging.artuur-watches.be\/wp-content\/uploads\/2021\/01\/pack-artuur-rose-gold.png","width":650,"height":850},{"@type":"BreadcrumbList","@id":"https:\/\/staging.artuur-watches.be\/fr\/produit\/artuur-rosegoldpack\/#breadcrumb","itemListElement":[{"@type":"ListItem","position":1,"name":"Home","item":"https:\/\/staging.artuur-watches.be\/fr\/"},{"@type":"ListItem","position":2,"name":"Shop","item":"https:\/\/staging.artuur-watches.be\/winkel\/"},{"@type":"ListItem","position":3,"name":"ARTUUR Rose Gold pack"}]},{"@type":"WebSite","@id":"https:\/\/staging.artuur-watches.be\/fr\/#website","url":"https:\/\/staging.artuur-watches.be\/fr\/","name":"Artuur Watches","description":"A new Belgian watchbrand, combining timelessness and elegance in a super-personal design.","publisher":{"@id":"https:\/\/staging.artuur-watches.be\/fr\/#organization"},"potentialAction":[{"@type":"SearchAction","target":{"@type":"EntryPoint","urlTemplate":"https:\/\/staging.artuur-watches.be\/fr\/?s={search_term_string}"},"query-input":{"@type":"PropertyValueSpecification","valueRequired":true,"valueName":"search_term_string"}}],"inLanguage":"fr-BE"},{"@type":"Organization","@id":"https:\/\/staging.artuur-watches.be\/fr\/#organization","name":"Artuur watches","url":"https:\/\/staging.artuur-watches.be\/fr\/","logo":{"@type":"ImageObject","inLanguage":"fr-BE","@id":"https:\/\/staging.artuur-watches.be\/fr\/#\/schema\/logo\/image\/","url":"https:\/\/www.artuur-watches.be\/wp-content\/uploads\/2020\/07\/Logo_Artuur-dark_Artuur.png","contentUrl":"https:\/\/www.artuur-watches.be\/wp-content\/uploads\/2020\/07\/Logo_Artuur-dark_Artuur.png","width":5316,"height":751,"caption":"Artuur watches"},"image":{"@id":"https:\/\/staging.artuur-watches.be\/fr\/#\/schema\/logo\/image\/"},"sameAs":["https:\/\/www.facebook.com\/artuurwatches\/","https:\/\/www.instagram.com\/artuurwatches\/"]}]}},"_links":{"self":[{"href":"https:\/\/staging.artuur-watches.be\/fr\/wp-json\/wp\/v2\/product\/4158"}],"collection":[{"href":"https:\/\/staging.artuur-watches.be\/fr\/wp-json\/wp\/v2\/product"}],"about":[{"href":"https:\/\/staging.artuur-watches.be\/fr\/wp-json\/wp\/v2\/types\/product"}],"wp:featuredmedia":[{"embeddable":true,"href":"https:\/\/staging.artuur-watches.be\/fr\/wp-json\/wp\/v2\/media\/4210"}],"wp:attachment":[{"href":"https:\/\/staging.artuur-watches.be\/fr\/wp-json\/wp\/v2\/media?parent=4158"}],"wp:term":[{"taxonomy":"product_cat","embeddable":true,"href":"https:\/\/staging.artuur-watches.be\/fr\/wp-json\/wp\/v2\/product_cat?post=4158"},{"taxonomy":"product_tag","embeddable":true,"href":"https:\/\/staging.artuur-watches.be\/fr\/wp-json\/wp\/v2\/product_tag?post=4158"}],"curies":[{"name":"wp","href":"https:\/\/api.w.org\/{rel}","templated":true}]}}