    {"id":4155,"date":"2021-01-29T07:21:36","date_gmt":"2021-01-29T09:57:37","guid":{"rendered":"https:\/\/www.artuur-watches.be\/?post_type=product&#038;p=4155"},"modified":"2022-06-14T21:54:26","modified_gmt":"2022-06-14T19:54:26","slug":"artuur-rosegold","status":"publish","type":"product","link":"https:\/\/staging.artuur-watches.be\/fr\/produit\/artuur-rosegold\/","title":{"rendered":"ARTUUR Rose Gold"},"content":{"rendered":"","protected":false},"excerpt":{"rendered":"<p>Cadran blanc avec un design brevet\u00e9 ARTUUR \/ Index palqu\u00e9s or rose \/ Bo\u00eete plaqu\u00e9 or rose<\/p>\n<p>&nbsp;<\/p>\n<p>La montre ARTUUR en or rose est juste la touche de couleur dont vos tenues ont besoin.\u00a0 Le bracelet en cuir brun fonc\u00e9 est cousu \u00e0 la main pour offrir une bonne qualit\u00e9. Elle est livr\u00e9e avec le cadran incurv\u00e9 embl\u00e9matique d\u2019ARTUUR qui donne \u00e0 nos montres leur look caract\u00e9ristique. Cette pi\u00e8ce a un look unique gr\u00e2ce \u00e0 son bo\u00eetier plaqu\u00e9 or rose. Sophistiqu\u00e9e, distinctive et parfaite pour ceux qui n\u2019ont pas peur de se faire remarquer!<\/p>\n","protected":false},"featured_media":4129,"template":"","meta":{"inline_featured_image":false,"_joinchat":[]},"product_cat":[134,248,200],"product_tag":[],"class_list":{"0":"post-4155","1":"product","2":"type-product","3":"status-publish","4":"has-post-thumbnail","6":"product_cat-montres","7":"product_cat-rose-gold-fr","8":"product_cat-standard-fr","10":"first","11":"instock","12":"featured","13":"taxable","14":"shipping-taxable","15":"purchasable","16":"product-type-simple"},"yoast_head":"<!-- This site is optimized with the Yoast SEO plugin v23.5 - https:\/\/yoast.com\/wordpress\/plugins\/seo\/ -->\n<title>ARTUUR Rose Gold - Artuur Watches<\/title>\n<meta name=\"description\" content=\"Cadran blanc avec un design brevet\u00e9 ARTUUR \/ Index palqu\u00e9s or rose \/ Bo\u00eete plaqu\u00e9 or rose\" \/>\n<meta name=\"robots\" content=\"noindex, follow, max-snippet:-1, max-image-preview:large, max-video-preview:-1\" \/>\n<meta property=\"og:locale\" content=\"fr_FR\" \/>\n<meta property=\"og:type\" content=\"article\" \/>\n<meta property=\"og:title\" content=\"ARTUUR Rose Gold - Artuur Watches\" \/>\n<meta property=\"og:description\" content=\"Cadran blanc avec un design brevet\u00e9 ARTUUR \/ Index palqu\u00e9s or rose \/ Bo\u00eete plaqu\u00e9 or rose\" \/>\n<meta property=\"og:url\" content=\"https:\/\/staging.artuur-watches.be\/fr\/produit\/artuur-rosegold\/\" \/>\n<meta property=\"og:site_name\" content=\"Artuur Watches\" \/>\n<meta property=\"article:publisher\" content=\"https:\/\/www.facebook.com\/artuurwatches\/\" \/>\n<meta property=\"article:modified_time\" content=\"2022-06-14T19:54:26+00:00\" \/>\n<meta property=\"og:image\" content=\"https:\/\/staging.artuur-watches.be\/wp-content\/uploads\/2021\/01\/E-Leather-Brown-min-1024x640.png\" \/>\n\t<meta property=\"og:image:width\" content=\"1024\" \/>\n\t<meta property=\"og:image:height\" content=\"640\" \/>\n\t<meta property=\"og:image:type\" content=\"image\/png\" \/>\n<meta name=\"twitter:card\" content=\"summary_large_image\" \/>\n<script type=\"application\/ld+json\" class=\"yoast-schema-graph\">{\"@context\":\"https:\/\/schema.org\",\"@graph\":[{\"@type\":\"WebPage\",\"@id\":\"https:\/\/staging.artuur-watches.be\/fr\/produit\/artuur-rosegold\/\",\"url\":\"https:\/\/staging.artuur-watches.be\/fr\/produit\/artuur-rosegold\/\",\"name\":\"ARTUUR Rose Gold - Artuur Watches\",\"isPartOf\":{\"@id\":\"https:\/\/staging.artuur-watches.be\/fr\/#website\"},\"primaryImageOfPage\":{\"@id\":\"https:\/\/staging.artuur-watches.be\/fr\/produit\/artuur-rosegold\/#primaryimage\"},\"image\":{\"@id\":\"https:\/\/staging.artuur-watches.be\/fr\/produit\/artuur-rosegold\/#primaryimage\"},\"thumbnailUrl\":\"https:\/\/staging.artuur-watches.be\/wp-content\/uploads\/2021\/01\/E-Leather-Brown-min.png\",\"datePublished\":\"2021-01-29T09:57:37+00:00\",\"dateModified\":\"2022-06-14T19:54:26+00:00\",\"description\":\"Cadran blanc avec un design brevet\u00e9 ARTUUR \/ Index palqu\u00e9s or rose \/ Bo\u00eete plaqu\u00e9 or rose\",\"breadcrumb\":{\"@id\":\"https:\/\/staging.artuur-watches.be\/fr\/produit\/artuur-rosegold\/#breadcrumb\"},\"inLanguage\":\"fr-BE\",\"potentialAction\":[{\"@type\":\"ReadAction\",\"target\":[\"https:\/\/staging.artuur-watches.be\/fr\/produit\/artuur-rosegold\/\"]}]},{\"@type\":\"ImageObject\",\"inLanguage\":\"fr-BE\",\"@id\":\"https:\/\/staging.artuur-watches.be\/fr\/produit\/artuur-rosegold\/#primaryimage\",\"url\":\"https:\/\/staging.artuur-watches.be\/wp-content\/uploads\/2021\/01\/E-Leather-Brown-min.png\",\"contentUrl\":\"https:\/\/staging.artuur-watches.be\/wp-content\/uploads\/2021\/01\/E-Leather-Brown-min.png\",\"width\":8000,\"height\":5001},{\"@type\":\"BreadcrumbList\",\"@id\":\"https:\/\/staging.artuur-watches.be\/fr\/produit\/artuur-rosegold\/#breadcrumb\",\"itemListElement\":[{\"@type\":\"ListItem\",\"position\":1,\"name\":\"Home\",\"item\":\"https:\/\/staging.artuur-watches.be\/fr\/\"},{\"@type\":\"ListItem\",\"position\":2,\"name\":\"Shop\",\"item\":\"https:\/\/staging.artuur-watches.be\/winkel\/\"},{\"@type\":\"ListItem\",\"position\":3,\"name\":\"ARTUUR Rose Gold\"}]},{\"@type\":\"WebSite\",\"@id\":\"https:\/\/staging.artuur-watches.be\/fr\/#website\",\"url\":\"https:\/\/staging.artuur-watches.be\/fr\/\",\"name\":\"Artuur Watches\",\"description\":\"A new Belgian watchbrand, combining timelessness and elegance in a super-personal design.\",\"publisher\":{\"@id\":\"https:\/\/staging.artuur-watches.be\/fr\/#organization\"},\"potentialAction\":[{\"@type\":\"SearchAction\",\"target\":{\"@type\":\"EntryPoint\",\"urlTemplate\":\"https:\/\/staging.artuur-watches.be\/fr\/?s={search_term_string}\"},\"query-input\":{\"@type\":\"PropertyValueSpecification\",\"valueRequired\":true,\"valueName\":\"search_term_string\"}}],\"inLanguage\":\"fr-BE\"},{\"@type\":\"Organization\",\"@id\":\"https:\/\/staging.artuur-watches.be\/fr\/#organization\",\"name\":\"Artuur watches\",\"url\":\"https:\/\/staging.artuur-watches.be\/fr\/\",\"logo\":{\"@type\":\"ImageObject\",\"inLanguage\":\"fr-BE\",\"@id\":\"https:\/\/staging.artuur-watches.be\/fr\/#\/schema\/logo\/image\/\",\"url\":\"https:\/\/www.artuur-watches.be\/wp-content\/uploads\/2020\/07\/Logo_Artuur-dark_Artuur.png\",\"contentUrl\":\"https:\/\/www.artuur-watches.be\/wp-content\/uploads\/2020\/07\/Logo_Artuur-dark_Artuur.png\",\"width\":5316,\"height\":751,\"caption\":\"Artuur watches\"},\"image\":{\"@id\":\"https:\/\/staging.artuur-watches.be\/fr\/#\/schema\/logo\/image\/\"},\"sameAs\":[\"https:\/\/www.facebook.com\/artuurwatches\/\",\"https:\/\/www.instagram.com\/artuurwatches\/\"]}]}<\/script>\n<!-- \/ Yoast SEO plugin. -->","yoast_head_json":{"title":"ARTUUR Rose Gold - Artuur Watches","description":"Cadran blanc avec un design brevet\u00e9 ARTUUR \/ Index palqu\u00e9s or rose \/ Bo\u00eete plaqu\u00e9 or rose","robots":{"index":"noindex","follow":"follow","max-snippet":"max-snippet:-1","max-image-preview":"max-image-preview:large","max-video-preview":"max-video-preview:-1"},"og_locale":"fr_FR","og_type":"article","og_title":"ARTUUR Rose Gold - Artuur Watches","og_description":"Cadran blanc avec un design brevet\u00e9 ARTUUR \/ Index palqu\u00e9s or rose \/ Bo\u00eete plaqu\u00e9 or rose","og_url":"https:\/\/staging.artuur-watches.be\/fr\/produit\/artuur-rosegold\/","og_site_name":"Artuur Watches","article_publisher":"https:\/\/www.facebook.com\/artuurwatches\/","article_modified_time":"2022-06-14T19:54:26+00:00","og_image":[{"width":1024,"height":640,"url":"https:\/\/staging.artuur-watches.be\/wp-content\/uploads\/2021\/01\/E-Leather-Brown-min-1024x640.png","type":"image\/png"}],"twitter_card":"summary_large_image","schema":{"@context":"https:\/\/schema.org","@graph":[{"@type":"WebPage","@id":"https:\/\/staging.artuur-watches.be\/fr\/produit\/artuur-rosegold\/","url":"https:\/\/staging.artuur-watches.be\/fr\/produit\/artuur-rosegold\/","name":"ARTUUR Rose Gold - Artuur Watches","isPartOf":{"@id":"https:\/\/staging.artuur-watches.be\/fr\/#website"},"primaryImageOfPage":{"@id":"https:\/\/staging.artuur-watches.be\/fr\/produit\/artuur-rosegold\/#primaryimage"},"image":{"@id":"https:\/\/staging.artuur-watches.be\/fr\/produit\/artuur-rosegold\/#primaryimage"},"thumbnailUrl":"https:\/\/staging.artuur-watches.be\/wp-content\/uploads\/2021\/01\/E-Leather-Brown-min.png","datePublished":"2021-01-29T09:57:37+00:00","dateModified":"2022-06-14T19:54:26+00:00","description":"Cadran blanc avec un design brevet\u00e9 ARTUUR \/ Index palqu\u00e9s or rose \/ Bo\u00eete plaqu\u00e9 or rose","breadcrumb":{"@id":"https:\/\/staging.artuur-watches.be\/fr\/produit\/artuur-rosegold\/#breadcrumb"},"inLanguage":"fr-BE","potentialAction":[{"@type":"ReadAction","target":["https:\/\/staging.artuur-watches.be\/fr\/produit\/artuur-rosegold\/"]}]},{"@type":"ImageObject","inLanguage":"fr-BE","@id":"https:\/\/staging.artuur-watches.be\/fr\/produit\/artuur-rosegold\/#primaryimage","url":"https:\/\/staging.artuur-watches.be\/wp-content\/uploads\/2021\/01\/E-Leather-Brown-min.png","contentUrl":"https:\/\/staging.artuur-watches.be\/wp-content\/uploads\/2021\/01\/E-Leather-Brown-min.png","width":8000,"height":5001},{"@type":"BreadcrumbList","@id":"https:\/\/staging.artuur-watches.be\/fr\/produit\/artuur-rosegold\/#breadcrumb","itemListElement":[{"@type":"ListItem","position":1,"name":"Home","item":"https:\/\/staging.artuur-watches.be\/fr\/"},{"@type":"ListItem","position":2,"name":"Shop","item":"https:\/\/staging.artuur-watches.be\/winkel\/"},{"@type":"ListItem","position":3,"name":"ARTUUR Rose Gold"}]},{"@type":"WebSite","@id":"https:\/\/staging.artuur-watches.be\/fr\/#website","url":"https:\/\/staging.artuur-watches.be\/fr\/","name":"Artuur Watches","description":"A new Belgian watchbrand, combining timelessness and elegance in a super-personal design.","publisher":{"@id":"https:\/\/staging.artuur-watches.be\/fr\/#organization"},"potentialAction":[{"@type":"SearchAction","target":{"@type":"EntryPoint","urlTemplate":"https:\/\/staging.artuur-watches.be\/fr\/?s={search_term_string}"},"query-input":{"@type":"PropertyValueSpecification","valueRequired":true,"valueName":"search_term_string"}}],"inLanguage":"fr-BE"},{"@type":"Organization","@id":"https:\/\/staging.artuur-watches.be\/fr\/#organization","name":"Artuur watches","url":"https:\/\/staging.artuur-watches.be\/fr\/","logo":{"@type":"ImageObject","inLanguage":"fr-BE","@id":"https:\/\/staging.artuur-watches.be\/fr\/#\/schema\/logo\/image\/","url":"https:\/\/www.artuur-watches.be\/wp-content\/uploads\/2020\/07\/Logo_Artuur-dark_Artuur.png","contentUrl":"https:\/\/www.artuur-watches.be\/wp-content\/uploads\/2020\/07\/Logo_Artuur-dark_Artuur.png","width":5316,"height":751,"caption":"Artuur watches"},"image":{"@id":"https:\/\/staging.artuur-watches.be\/fr\/#\/schema\/logo\/image\/"},"sameAs":["https:\/\/www.facebook.com\/artuurwatches\/","https:\/\/www.instagram.com\/artuurwatches\/"]}]}},"_links":{"self":[{"href":"https:\/\/staging.artuur-watches.be\/fr\/wp-json\/wp\/v2\/product\/4155"}],"collection":[{"href":"https:\/\/staging.artuur-watches.be\/fr\/wp-json\/wp\/v2\/product"}],"about":[{"href":"https:\/\/staging.artuur-watches.be\/fr\/wp-json\/wp\/v2\/types\/product"}],"wp:featuredmedia":[{"embeddable":true,"href":"https:\/\/staging.artuur-watches.be\/fr\/wp-json\/wp\/v2\/media\/4129"}],"wp:attachment":[{"href":"https:\/\/staging.artuur-watches.be\/fr\/wp-json\/wp\/v2\/media?parent=4155"}],"wp:term":[{"taxonomy":"product_cat","embeddable":true,"href":"https:\/\/staging.artuur-watches.be\/fr\/wp-json\/wp\/v2\/product_cat?post=4155"},{"taxonomy":"product_tag","embeddable":true,"href":"https:\/\/staging.artuur-watches.be\/fr\/wp-json\/wp\/v2\/product_tag?post=4155"}],"curies":[{"name":"wp","href":"https:\/\/api.w.org\/{rel}","templated":true}]}}