    {"id":2255,"date":"2020-09-21T13:28:12","date_gmt":"2020-09-21T13:28:12","guid":{"rendered":"https:\/\/www.artuur-watches.be\/product\/artuur-granite-pack\/"},"modified":"2020-11-30T10:27:25","modified_gmt":"2020-11-30T10:27:25","slug":"artuur-granite-pack","status":"publish","type":"product","link":"https:\/\/staging.artuur-watches.be\/fr\/produit\/artuur-granite-pack\/","title":{"rendered":"ARTUUR Granite pack"},"content":{"rendered":"","protected":false},"excerpt":{"rendered":"<p><i>Bo\u00eetier argent\u00e9<\/i><i> \/ <\/i><i>Cadran blanc<\/i><i> \/\u202f<\/i><i>Index grav\u00e9s au laser<\/i><\/p>\n<p class=\"Normal1\"><span lang=\"FR\">Le Pack Granite d\u2019ARTUUR est destin\u00e9 \u00e0 l\u2019homme qui aime le changement. Avec ses bracelets bleu fonc\u00e9, noir et terre de Sienne, cette montre s&#8217;adapte \u00e0 toutes les tenues. Le cadran bomb\u00e9 est brevet\u00e9 et les bracelets en cuir sont cousus la main pour une finition parfaite. Que vous vous pr\u00e9sentiez au bureau le lundi matin ou que vous ayez un rendez-vous le vendredi soir, Granite d\u2019ARTUUR conviendra \u00e0 chaque situation. Choisissez l\u2019un des bracelets avant de sortir et rayonnez de confiance.<\/span><\/p>\n","protected":false},"featured_media":3440,"template":"","meta":{"inline_featured_image":false,"_joinchat":[]},"product_cat":[193,169],"product_tag":[],"class_list":{"0":"post-2255","1":"product","2":"type-product","3":"status-publish","4":"has-post-thumbnail","6":"product_cat-granite-fr","7":"product_cat-packs","9":"first","10":"instock","11":"taxable","12":"shipping-taxable","13":"purchasable","14":"product-type-simple"},"yoast_head":"<!-- This site is optimized with the Yoast SEO plugin v23.5 - https:\/\/yoast.com\/wordpress\/plugins\/seo\/ -->\n<title>ARTUUR Granite pack - Artuur Watches<\/title>\n<meta name=\"description\" content=\"Bo\u00eetier argent\u00e9 \/ Cadran blanc \/\u202fIndex grav\u00e9s au laser Les bracelets bleu marine, noir et terre d\u2019ombre, le cadran blanc et le bo\u00eetier argent\u00e9 de ce mod\u00e8le ARTUUR lui conf\u00e8rent la profondeur du granit et un style solide comme le roc.\" \/>\n<meta name=\"robots\" content=\"noindex, follow, max-snippet:-1, max-image-preview:large, max-video-preview:-1\" \/>\n<meta property=\"og:locale\" content=\"fr_FR\" \/>\n<meta property=\"og:type\" content=\"article\" \/>\n<meta property=\"og:title\" content=\"ARTUUR Granite pack - Artuur Watches\" \/>\n<meta property=\"og:description\" content=\"Bo\u00eetier argent\u00e9 \/ Cadran blanc \/\u202fIndex grav\u00e9s au laser Les bracelets bleu marine, noir et terre d\u2019ombre, le cadran blanc et le bo\u00eetier argent\u00e9 de ce mod\u00e8le ARTUUR lui conf\u00e8rent la profondeur du granit et un style solide comme le roc.\" \/>\n<meta property=\"og:url\" content=\"https:\/\/staging.artuur-watches.be\/fr\/produit\/artuur-granite-pack\/\" \/>\n<meta property=\"og:site_name\" content=\"Artuur Watches\" \/>\n<meta property=\"article:publisher\" content=\"https:\/\/www.facebook.com\/artuurwatches\/\" \/>\n<meta property=\"article:modified_time\" content=\"2020-11-30T10:27:25+00:00\" \/>\n<meta property=\"og:image\" content=\"https:\/\/staging.artuur-watches.be\/wp-content\/uploads\/2020\/09\/GRANITE-PACK-2.png\" \/>\n\t<meta property=\"og:image:width\" content=\"650\" \/>\n\t<meta property=\"og:image:height\" content=\"850\" \/>\n\t<meta property=\"og:image:type\" content=\"image\/png\" \/>\n<meta name=\"twitter:card\" content=\"summary_large_image\" \/>\n<script type=\"application\/ld+json\" class=\"yoast-schema-graph\">{\"@context\":\"https:\/\/schema.org\",\"@graph\":[{\"@type\":\"WebPage\",\"@id\":\"https:\/\/staging.artuur-watches.be\/fr\/produit\/artuur-granite-pack\/\",\"url\":\"https:\/\/staging.artuur-watches.be\/fr\/produit\/artuur-granite-pack\/\",\"name\":\"ARTUUR Granite pack - Artuur Watches\",\"isPartOf\":{\"@id\":\"https:\/\/staging.artuur-watches.be\/fr\/#website\"},\"primaryImageOfPage\":{\"@id\":\"https:\/\/staging.artuur-watches.be\/fr\/produit\/artuur-granite-pack\/#primaryimage\"},\"image\":{\"@id\":\"https:\/\/staging.artuur-watches.be\/fr\/produit\/artuur-granite-pack\/#primaryimage\"},\"thumbnailUrl\":\"https:\/\/staging.artuur-watches.be\/wp-content\/uploads\/2020\/09\/GRANITE-PACK-2.png\",\"datePublished\":\"2020-09-21T13:28:12+00:00\",\"dateModified\":\"2020-11-30T10:27:25+00:00\",\"description\":\"Bo\u00eetier argent\u00e9 \/ Cadran blanc \/\u202fIndex grav\u00e9s au laser Les bracelets bleu marine, noir et terre d\u2019ombre, le cadran blanc et le bo\u00eetier argent\u00e9 de ce mod\u00e8le ARTUUR lui conf\u00e8rent la profondeur du granit et un style solide comme le roc.\",\"breadcrumb\":{\"@id\":\"https:\/\/staging.artuur-watches.be\/fr\/produit\/artuur-granite-pack\/#breadcrumb\"},\"inLanguage\":\"fr-BE\",\"potentialAction\":[{\"@type\":\"ReadAction\",\"target\":[\"https:\/\/staging.artuur-watches.be\/fr\/produit\/artuur-granite-pack\/\"]}]},{\"@type\":\"ImageObject\",\"inLanguage\":\"fr-BE\",\"@id\":\"https:\/\/staging.artuur-watches.be\/fr\/produit\/artuur-granite-pack\/#primaryimage\",\"url\":\"https:\/\/staging.artuur-watches.be\/wp-content\/uploads\/2020\/09\/GRANITE-PACK-2.png\",\"contentUrl\":\"https:\/\/staging.artuur-watches.be\/wp-content\/uploads\/2020\/09\/GRANITE-PACK-2.png\",\"width\":650,\"height\":850},{\"@type\":\"BreadcrumbList\",\"@id\":\"https:\/\/staging.artuur-watches.be\/fr\/produit\/artuur-granite-pack\/#breadcrumb\",\"itemListElement\":[{\"@type\":\"ListItem\",\"position\":1,\"name\":\"Home\",\"item\":\"https:\/\/staging.artuur-watches.be\/fr\/\"},{\"@type\":\"ListItem\",\"position\":2,\"name\":\"Shop\",\"item\":\"https:\/\/staging.artuur-watches.be\/winkel\/\"},{\"@type\":\"ListItem\",\"position\":3,\"name\":\"ARTUUR Granite pack\"}]},{\"@type\":\"WebSite\",\"@id\":\"https:\/\/staging.artuur-watches.be\/fr\/#website\",\"url\":\"https:\/\/staging.artuur-watches.be\/fr\/\",\"name\":\"Artuur Watches\",\"description\":\"A new Belgian watchbrand, combining timelessness and elegance in a super-personal design.\",\"publisher\":{\"@id\":\"https:\/\/staging.artuur-watches.be\/fr\/#organization\"},\"potentialAction\":[{\"@type\":\"SearchAction\",\"target\":{\"@type\":\"EntryPoint\",\"urlTemplate\":\"https:\/\/staging.artuur-watches.be\/fr\/?s={search_term_string}\"},\"query-input\":{\"@type\":\"PropertyValueSpecification\",\"valueRequired\":true,\"valueName\":\"search_term_string\"}}],\"inLanguage\":\"fr-BE\"},{\"@type\":\"Organization\",\"@id\":\"https:\/\/staging.artuur-watches.be\/fr\/#organization\",\"name\":\"Artuur watches\",\"url\":\"https:\/\/staging.artuur-watches.be\/fr\/\",\"logo\":{\"@type\":\"ImageObject\",\"inLanguage\":\"fr-BE\",\"@id\":\"https:\/\/staging.artuur-watches.be\/fr\/#\/schema\/logo\/image\/\",\"url\":\"https:\/\/www.artuur-watches.be\/wp-content\/uploads\/2020\/07\/Logo_Artuur-dark_Artuur.png\",\"contentUrl\":\"https:\/\/www.artuur-watches.be\/wp-content\/uploads\/2020\/07\/Logo_Artuur-dark_Artuur.png\",\"width\":5316,\"height\":751,\"caption\":\"Artuur watches\"},\"image\":{\"@id\":\"https:\/\/staging.artuur-watches.be\/fr\/#\/schema\/logo\/image\/\"},\"sameAs\":[\"https:\/\/www.facebook.com\/artuurwatches\/\",\"https:\/\/www.instagram.com\/artuurwatches\/\"]}]}<\/script>\n<!-- \/ Yoast SEO plugin. -->","yoast_head_json":{"title":"ARTUUR Granite pack - Artuur Watches","description":"Bo\u00eetier argent\u00e9 \/ Cadran blanc \/\u202fIndex grav\u00e9s au laser Les bracelets bleu marine, noir et terre d\u2019ombre, le cadran blanc et le bo\u00eetier argent\u00e9 de ce mod\u00e8le ARTUUR lui conf\u00e8rent la profondeur du granit et un style solide comme le roc.","robots":{"index":"noindex","follow":"follow","max-snippet":"max-snippet:-1","max-image-preview":"max-image-preview:large","max-video-preview":"max-video-preview:-1"},"og_locale":"fr_FR","og_type":"article","og_title":"ARTUUR Granite pack - Artuur Watches","og_description":"Bo\u00eetier argent\u00e9 \/ Cadran blanc \/\u202fIndex grav\u00e9s au laser Les bracelets bleu marine, noir et terre d\u2019ombre, le cadran blanc et le bo\u00eetier argent\u00e9 de ce mod\u00e8le ARTUUR lui conf\u00e8rent la profondeur du granit et un style solide comme le roc.","og_url":"https:\/\/staging.artuur-watches.be\/fr\/produit\/artuur-granite-pack\/","og_site_name":"Artuur Watches","article_publisher":"https:\/\/www.facebook.com\/artuurwatches\/","article_modified_time":"2020-11-30T10:27:25+00:00","og_image":[{"width":650,"height":850,"url":"https:\/\/staging.artuur-watches.be\/wp-content\/uploads\/2020\/09\/GRANITE-PACK-2.png","type":"image\/png"}],"twitter_card":"summary_large_image","schema":{"@context":"https:\/\/schema.org","@graph":[{"@type":"WebPage","@id":"https:\/\/staging.artuur-watches.be\/fr\/produit\/artuur-granite-pack\/","url":"https:\/\/staging.artuur-watches.be\/fr\/produit\/artuur-granite-pack\/","name":"ARTUUR Granite pack - Artuur Watches","isPartOf":{"@id":"https:\/\/staging.artuur-watches.be\/fr\/#website"},"primaryImageOfPage":{"@id":"https:\/\/staging.artuur-watches.be\/fr\/produit\/artuur-granite-pack\/#primaryimage"},"image":{"@id":"https:\/\/staging.artuur-watches.be\/fr\/produit\/artuur-granite-pack\/#primaryimage"},"thumbnailUrl":"https:\/\/staging.artuur-watches.be\/wp-content\/uploads\/2020\/09\/GRANITE-PACK-2.png","datePublished":"2020-09-21T13:28:12+00:00","dateModified":"2020-11-30T10:27:25+00:00","description":"Bo\u00eetier argent\u00e9 \/ Cadran blanc \/\u202fIndex grav\u00e9s au laser Les bracelets bleu marine, noir et terre d\u2019ombre, le cadran blanc et le bo\u00eetier argent\u00e9 de ce mod\u00e8le ARTUUR lui conf\u00e8rent la profondeur du granit et un style solide comme le roc.","breadcrumb":{"@id":"https:\/\/staging.artuur-watches.be\/fr\/produit\/artuur-granite-pack\/#breadcrumb"},"inLanguage":"fr-BE","potentialAction":[{"@type":"ReadAction","target":["https:\/\/staging.artuur-watches.be\/fr\/produit\/artuur-granite-pack\/"]}]},{"@type":"ImageObject","inLanguage":"fr-BE","@id":"https:\/\/staging.artuur-watches.be\/fr\/produit\/artuur-granite-pack\/#primaryimage","url":"https:\/\/staging.artuur-watches.be\/wp-content\/uploads\/2020\/09\/GRANITE-PACK-2.png","contentUrl":"https:\/\/staging.artuur-watches.be\/wp-content\/uploads\/2020\/09\/GRANITE-PACK-2.png","width":650,"height":850},{"@type":"BreadcrumbList","@id":"https:\/\/staging.artuur-watches.be\/fr\/produit\/artuur-granite-pack\/#breadcrumb","itemListElement":[{"@type":"ListItem","position":1,"name":"Home","item":"https:\/\/staging.artuur-watches.be\/fr\/"},{"@type":"ListItem","position":2,"name":"Shop","item":"https:\/\/staging.artuur-watches.be\/winkel\/"},{"@type":"ListItem","position":3,"name":"ARTUUR Granite pack"}]},{"@type":"WebSite","@id":"https:\/\/staging.artuur-watches.be\/fr\/#website","url":"https:\/\/staging.artuur-watches.be\/fr\/","name":"Artuur Watches","description":"A new Belgian watchbrand, combining timelessness and elegance in a super-personal design.","publisher":{"@id":"https:\/\/staging.artuur-watches.be\/fr\/#organization"},"potentialAction":[{"@type":"SearchAction","target":{"@type":"EntryPoint","urlTemplate":"https:\/\/staging.artuur-watches.be\/fr\/?s={search_term_string}"},"query-input":{"@type":"PropertyValueSpecification","valueRequired":true,"valueName":"search_term_string"}}],"inLanguage":"fr-BE"},{"@type":"Organization","@id":"https:\/\/staging.artuur-watches.be\/fr\/#organization","name":"Artuur watches","url":"https:\/\/staging.artuur-watches.be\/fr\/","logo":{"@type":"ImageObject","inLanguage":"fr-BE","@id":"https:\/\/staging.artuur-watches.be\/fr\/#\/schema\/logo\/image\/","url":"https:\/\/www.artuur-watches.be\/wp-content\/uploads\/2020\/07\/Logo_Artuur-dark_Artuur.png","contentUrl":"https:\/\/www.artuur-watches.be\/wp-content\/uploads\/2020\/07\/Logo_Artuur-dark_Artuur.png","width":5316,"height":751,"caption":"Artuur watches"},"image":{"@id":"https:\/\/staging.artuur-watches.be\/fr\/#\/schema\/logo\/image\/"},"sameAs":["https:\/\/www.facebook.com\/artuurwatches\/","https:\/\/www.instagram.com\/artuurwatches\/"]}]}},"_links":{"self":[{"href":"https:\/\/staging.artuur-watches.be\/fr\/wp-json\/wp\/v2\/product\/2255"}],"collection":[{"href":"https:\/\/staging.artuur-watches.be\/fr\/wp-json\/wp\/v2\/product"}],"about":[{"href":"https:\/\/staging.artuur-watches.be\/fr\/wp-json\/wp\/v2\/types\/product"}],"wp:featuredmedia":[{"embeddable":true,"href":"https:\/\/staging.artuur-watches.be\/fr\/wp-json\/wp\/v2\/media\/3440"}],"wp:attachment":[{"href":"https:\/\/staging.artuur-watches.be\/fr\/wp-json\/wp\/v2\/media?parent=2255"}],"wp:term":[{"taxonomy":"product_cat","embeddable":true,"href":"https:\/\/staging.artuur-watches.be\/fr\/wp-json\/wp\/v2\/product_cat?post=2255"},{"taxonomy":"product_tag","embeddable":true,"href":"https:\/\/staging.artuur-watches.be\/fr\/wp-json\/wp\/v2\/product_tag?post=2255"}],"curies":[{"name":"wp","href":"https:\/\/api.w.org\/{rel}","templated":true}]}}