    {"id":2066,"date":"2020-09-18T11:46:30","date_gmt":"2020-09-18T11:46:30","guid":{"rendered":"https:\/\/www.artuur-watches.be\/product\/artuur-sterling\/"},"modified":"2024-07-25T16:38:51","modified_gmt":"2024-07-25T14:38:51","slug":"artuur-sterling","status":"publish","type":"product","link":"https:\/\/staging.artuur-watches.be\/fr\/produit\/artuur-sterling\/","title":{"rendered":"ARTUUR Sterling"},"content":{"rendered":"","protected":false},"excerpt":{"rendered":"<p>Cadran noir avec design ARTUUR brevet\u00e9 \/ Marques de l\u2019heure incruste\u0301 en metal \/ Boitier en metal brillant.<\/p>\n<p class=\"Normal1\"><span lang=\"FR\">La montre Sterling d\u2019ARTUUR est synonyme de force, de maturit\u00e9 et de classe. Avec son cadran bomb\u00e9 brevet\u00e9 et son bracelet cousu main, cette montre est un classique simple. Elle s&#8217;accorde parfaitement avec un look business sophistiqu\u00e9, mais peut aussi se porter lors d\u2019un rendez-vous informel le week-end.<\/span><\/p>\n<p>&nbsp;<\/p>\n","protected":false},"featured_media":2059,"template":"","meta":{"inline_featured_image":false,"_joinchat":[]},"product_cat":[134,200,197],"product_tag":[],"class_list":{"0":"post-2066","1":"product","2":"type-product","3":"status-publish","4":"has-post-thumbnail","6":"product_cat-montres","7":"product_cat-standard-fr","8":"product_cat-sterling-fr","10":"first","11":"instock","12":"taxable","13":"shipping-taxable","14":"purchasable","15":"product-type-simple"},"yoast_head":"<!-- This site is optimized with the Yoast SEO plugin v23.5 - https:\/\/yoast.com\/wordpress\/plugins\/seo\/ -->\n<title>ARTUUR Sterling - Artuur Watches<\/title>\n<meta name=\"description\" content=\"Cadran noir avec design ARTUUR brevet\u00e9 Marques de l\u2019heure incrust\u00e9 en metal Boitier en metal brillant. Le bracelet en cuir noir profond assurent une pr\u00e9sentation classique. Bracelet en cuir classique et avec un fini impecable. Cousu \u00e0 la main.\" \/>\n<meta name=\"robots\" content=\"noindex, follow, max-snippet:-1, max-image-preview:large, max-video-preview:-1\" \/>\n<meta property=\"og:locale\" content=\"fr_FR\" \/>\n<meta property=\"og:type\" content=\"article\" \/>\n<meta property=\"og:title\" content=\"ARTUUR Sterling - Artuur Watches\" \/>\n<meta property=\"og:description\" content=\"Cadran noir avec design ARTUUR brevet\u00e9 Marques de l\u2019heure incrust\u00e9 en metal Boitier en metal brillant. Le bracelet en cuir noir profond assurent une pr\u00e9sentation classique. Bracelet en cuir classique et avec un fini impecable. Cousu \u00e0 la main.\" \/>\n<meta property=\"og:url\" content=\"https:\/\/staging.artuur-watches.be\/fr\/produit\/artuur-sterling\/\" \/>\n<meta property=\"og:site_name\" content=\"Artuur Watches\" \/>\n<meta property=\"article:publisher\" content=\"https:\/\/www.facebook.com\/artuurwatches\/\" \/>\n<meta property=\"article:modified_time\" content=\"2024-07-25T14:38:51+00:00\" \/>\n<meta property=\"og:image\" content=\"https:\/\/staging.artuur-watches.be\/wp-content\/uploads\/2020\/09\/STERLING_standaardblackleather-1024x640.png\" \/>\n\t<meta property=\"og:image:width\" content=\"1024\" \/>\n\t<meta property=\"og:image:height\" content=\"640\" \/>\n\t<meta property=\"og:image:type\" content=\"image\/png\" \/>\n<meta name=\"twitter:card\" content=\"summary_large_image\" \/>\n<script type=\"application\/ld+json\" class=\"yoast-schema-graph\">{\"@context\":\"https:\/\/schema.org\",\"@graph\":[{\"@type\":\"WebPage\",\"@id\":\"https:\/\/staging.artuur-watches.be\/fr\/produit\/artuur-sterling\/\",\"url\":\"https:\/\/staging.artuur-watches.be\/fr\/produit\/artuur-sterling\/\",\"name\":\"ARTUUR Sterling - Artuur Watches\",\"isPartOf\":{\"@id\":\"https:\/\/staging.artuur-watches.be\/fr\/#website\"},\"primaryImageOfPage\":{\"@id\":\"https:\/\/staging.artuur-watches.be\/fr\/produit\/artuur-sterling\/#primaryimage\"},\"image\":{\"@id\":\"https:\/\/staging.artuur-watches.be\/fr\/produit\/artuur-sterling\/#primaryimage\"},\"thumbnailUrl\":\"https:\/\/staging.artuur-watches.be\/wp-content\/uploads\/2020\/09\/STERLING_standaardblackleather.png\",\"datePublished\":\"2020-09-18T11:46:30+00:00\",\"dateModified\":\"2024-07-25T14:38:51+00:00\",\"description\":\"Cadran noir avec design ARTUUR brevet\u00e9 Marques de l\u2019heure incrust\u00e9 en metal Boitier en metal brillant. Le bracelet en cuir noir profond assurent une pr\u00e9sentation classique. Bracelet en cuir classique et avec un fini impecable. Cousu \u00e0 la main.\",\"breadcrumb\":{\"@id\":\"https:\/\/staging.artuur-watches.be\/fr\/produit\/artuur-sterling\/#breadcrumb\"},\"inLanguage\":\"fr-BE\",\"potentialAction\":[{\"@type\":\"ReadAction\",\"target\":[\"https:\/\/staging.artuur-watches.be\/fr\/produit\/artuur-sterling\/\"]}]},{\"@type\":\"ImageObject\",\"inLanguage\":\"fr-BE\",\"@id\":\"https:\/\/staging.artuur-watches.be\/fr\/produit\/artuur-sterling\/#primaryimage\",\"url\":\"https:\/\/staging.artuur-watches.be\/wp-content\/uploads\/2020\/09\/STERLING_standaardblackleather.png\",\"contentUrl\":\"https:\/\/staging.artuur-watches.be\/wp-content\/uploads\/2020\/09\/STERLING_standaardblackleather.png\",\"width\":8000,\"height\":5001},{\"@type\":\"BreadcrumbList\",\"@id\":\"https:\/\/staging.artuur-watches.be\/fr\/produit\/artuur-sterling\/#breadcrumb\",\"itemListElement\":[{\"@type\":\"ListItem\",\"position\":1,\"name\":\"Home\",\"item\":\"https:\/\/staging.artuur-watches.be\/fr\/\"},{\"@type\":\"ListItem\",\"position\":2,\"name\":\"Shop\",\"item\":\"https:\/\/staging.artuur-watches.be\/winkel\/\"},{\"@type\":\"ListItem\",\"position\":3,\"name\":\"ARTUUR Sterling\"}]},{\"@type\":\"WebSite\",\"@id\":\"https:\/\/staging.artuur-watches.be\/fr\/#website\",\"url\":\"https:\/\/staging.artuur-watches.be\/fr\/\",\"name\":\"Artuur Watches\",\"description\":\"A new Belgian watchbrand, combining timelessness and elegance in a super-personal design.\",\"publisher\":{\"@id\":\"https:\/\/staging.artuur-watches.be\/fr\/#organization\"},\"potentialAction\":[{\"@type\":\"SearchAction\",\"target\":{\"@type\":\"EntryPoint\",\"urlTemplate\":\"https:\/\/staging.artuur-watches.be\/fr\/?s={search_term_string}\"},\"query-input\":{\"@type\":\"PropertyValueSpecification\",\"valueRequired\":true,\"valueName\":\"search_term_string\"}}],\"inLanguage\":\"fr-BE\"},{\"@type\":\"Organization\",\"@id\":\"https:\/\/staging.artuur-watches.be\/fr\/#organization\",\"name\":\"Artuur watches\",\"url\":\"https:\/\/staging.artuur-watches.be\/fr\/\",\"logo\":{\"@type\":\"ImageObject\",\"inLanguage\":\"fr-BE\",\"@id\":\"https:\/\/staging.artuur-watches.be\/fr\/#\/schema\/logo\/image\/\",\"url\":\"https:\/\/www.artuur-watches.be\/wp-content\/uploads\/2020\/07\/Logo_Artuur-dark_Artuur.png\",\"contentUrl\":\"https:\/\/www.artuur-watches.be\/wp-content\/uploads\/2020\/07\/Logo_Artuur-dark_Artuur.png\",\"width\":5316,\"height\":751,\"caption\":\"Artuur watches\"},\"image\":{\"@id\":\"https:\/\/staging.artuur-watches.be\/fr\/#\/schema\/logo\/image\/\"},\"sameAs\":[\"https:\/\/www.facebook.com\/artuurwatches\/\",\"https:\/\/www.instagram.com\/artuurwatches\/\"]}]}<\/script>\n<!-- \/ Yoast SEO plugin. -->","yoast_head_json":{"title":"ARTUUR Sterling - Artuur Watches","description":"Cadran noir avec design ARTUUR brevet\u00e9 Marques de l\u2019heure incrust\u00e9 en metal Boitier en metal brillant. Le bracelet en cuir noir profond assurent une pr\u00e9sentation classique. Bracelet en cuir classique et avec un fini impecable. Cousu \u00e0 la main.","robots":{"index":"noindex","follow":"follow","max-snippet":"max-snippet:-1","max-image-preview":"max-image-preview:large","max-video-preview":"max-video-preview:-1"},"og_locale":"fr_FR","og_type":"article","og_title":"ARTUUR Sterling - Artuur Watches","og_description":"Cadran noir avec design ARTUUR brevet\u00e9 Marques de l\u2019heure incrust\u00e9 en metal Boitier en metal brillant. Le bracelet en cuir noir profond assurent une pr\u00e9sentation classique. Bracelet en cuir classique et avec un fini impecable. Cousu \u00e0 la main.","og_url":"https:\/\/staging.artuur-watches.be\/fr\/produit\/artuur-sterling\/","og_site_name":"Artuur Watches","article_publisher":"https:\/\/www.facebook.com\/artuurwatches\/","article_modified_time":"2024-07-25T14:38:51+00:00","og_image":[{"width":1024,"height":640,"url":"https:\/\/staging.artuur-watches.be\/wp-content\/uploads\/2020\/09\/STERLING_standaardblackleather-1024x640.png","type":"image\/png"}],"twitter_card":"summary_large_image","schema":{"@context":"https:\/\/schema.org","@graph":[{"@type":"WebPage","@id":"https:\/\/staging.artuur-watches.be\/fr\/produit\/artuur-sterling\/","url":"https:\/\/staging.artuur-watches.be\/fr\/produit\/artuur-sterling\/","name":"ARTUUR Sterling - Artuur Watches","isPartOf":{"@id":"https:\/\/staging.artuur-watches.be\/fr\/#website"},"primaryImageOfPage":{"@id":"https:\/\/staging.artuur-watches.be\/fr\/produit\/artuur-sterling\/#primaryimage"},"image":{"@id":"https:\/\/staging.artuur-watches.be\/fr\/produit\/artuur-sterling\/#primaryimage"},"thumbnailUrl":"https:\/\/staging.artuur-watches.be\/wp-content\/uploads\/2020\/09\/STERLING_standaardblackleather.png","datePublished":"2020-09-18T11:46:30+00:00","dateModified":"2024-07-25T14:38:51+00:00","description":"Cadran noir avec design ARTUUR brevet\u00e9 Marques de l\u2019heure incrust\u00e9 en metal Boitier en metal brillant. Le bracelet en cuir noir profond assurent une pr\u00e9sentation classique. Bracelet en cuir classique et avec un fini impecable. Cousu \u00e0 la main.","breadcrumb":{"@id":"https:\/\/staging.artuur-watches.be\/fr\/produit\/artuur-sterling\/#breadcrumb"},"inLanguage":"fr-BE","potentialAction":[{"@type":"ReadAction","target":["https:\/\/staging.artuur-watches.be\/fr\/produit\/artuur-sterling\/"]}]},{"@type":"ImageObject","inLanguage":"fr-BE","@id":"https:\/\/staging.artuur-watches.be\/fr\/produit\/artuur-sterling\/#primaryimage","url":"https:\/\/staging.artuur-watches.be\/wp-content\/uploads\/2020\/09\/STERLING_standaardblackleather.png","contentUrl":"https:\/\/staging.artuur-watches.be\/wp-content\/uploads\/2020\/09\/STERLING_standaardblackleather.png","width":8000,"height":5001},{"@type":"BreadcrumbList","@id":"https:\/\/staging.artuur-watches.be\/fr\/produit\/artuur-sterling\/#breadcrumb","itemListElement":[{"@type":"ListItem","position":1,"name":"Home","item":"https:\/\/staging.artuur-watches.be\/fr\/"},{"@type":"ListItem","position":2,"name":"Shop","item":"https:\/\/staging.artuur-watches.be\/winkel\/"},{"@type":"ListItem","position":3,"name":"ARTUUR Sterling"}]},{"@type":"WebSite","@id":"https:\/\/staging.artuur-watches.be\/fr\/#website","url":"https:\/\/staging.artuur-watches.be\/fr\/","name":"Artuur Watches","description":"A new Belgian watchbrand, combining timelessness and elegance in a super-personal design.","publisher":{"@id":"https:\/\/staging.artuur-watches.be\/fr\/#organization"},"potentialAction":[{"@type":"SearchAction","target":{"@type":"EntryPoint","urlTemplate":"https:\/\/staging.artuur-watches.be\/fr\/?s={search_term_string}"},"query-input":{"@type":"PropertyValueSpecification","valueRequired":true,"valueName":"search_term_string"}}],"inLanguage":"fr-BE"},{"@type":"Organization","@id":"https:\/\/staging.artuur-watches.be\/fr\/#organization","name":"Artuur watches","url":"https:\/\/staging.artuur-watches.be\/fr\/","logo":{"@type":"ImageObject","inLanguage":"fr-BE","@id":"https:\/\/staging.artuur-watches.be\/fr\/#\/schema\/logo\/image\/","url":"https:\/\/www.artuur-watches.be\/wp-content\/uploads\/2020\/07\/Logo_Artuur-dark_Artuur.png","contentUrl":"https:\/\/www.artuur-watches.be\/wp-content\/uploads\/2020\/07\/Logo_Artuur-dark_Artuur.png","width":5316,"height":751,"caption":"Artuur watches"},"image":{"@id":"https:\/\/staging.artuur-watches.be\/fr\/#\/schema\/logo\/image\/"},"sameAs":["https:\/\/www.facebook.com\/artuurwatches\/","https:\/\/www.instagram.com\/artuurwatches\/"]}]}},"_links":{"self":[{"href":"https:\/\/staging.artuur-watches.be\/fr\/wp-json\/wp\/v2\/product\/2066"}],"collection":[{"href":"https:\/\/staging.artuur-watches.be\/fr\/wp-json\/wp\/v2\/product"}],"about":[{"href":"https:\/\/staging.artuur-watches.be\/fr\/wp-json\/wp\/v2\/types\/product"}],"wp:featuredmedia":[{"embeddable":true,"href":"https:\/\/staging.artuur-watches.be\/fr\/wp-json\/wp\/v2\/media\/2059"}],"wp:attachment":[{"href":"https:\/\/staging.artuur-watches.be\/fr\/wp-json\/wp\/v2\/media?parent=2066"}],"wp:term":[{"taxonomy":"product_cat","embeddable":true,"href":"https:\/\/staging.artuur-watches.be\/fr\/wp-json\/wp\/v2\/product_cat?post=2066"},{"taxonomy":"product_tag","embeddable":true,"href":"https:\/\/staging.artuur-watches.be\/fr\/wp-json\/wp\/v2\/product_tag?post=2066"}],"curies":[{"name":"wp","href":"https:\/\/api.w.org\/{rel}","templated":true}]}}