    {"id":2058,"date":"2020-09-18T11:46:31","date_gmt":"2020-09-18T11:46:31","guid":{"rendered":"https:\/\/www.artuur-watches.be\/?post_type=product&#038;p=2058"},"modified":"2022-02-23T11:58:33","modified_gmt":"2022-02-23T09:58:33","slug":"artuur-cedar","status":"publish","type":"product","link":"https:\/\/staging.artuur-watches.be\/fr\/produit\/artuur-cedar\/","title":{"rendered":"ARTUUR Cedar"},"content":{"rendered":"","protected":false},"excerpt":{"rendered":"<p>Cadran blanc avec design ARTUUR brevet\u00e9 \/ Marques de l\u2019heure incrust\u00e9 en m\u00e9tal \/ Boitier en metal brillant<\/p>\n<p class=\"Normal1\"><span lang=\"FR\">Le bracelet de la montre Cedar d\u2019ARTUUR est cousu main et a une finition brillante. Tout comme le bois de c\u00e8dre, ce bracelet est durable et se distingue par sa structure nervur\u00e9e \u00e9l\u00e9gante. Le relief croco conf\u00e8re une touche \u00e9l\u00e9gante et sophistiqu\u00e9e et le cadran <\/span><span lang=\"FR\">bomb\u00e9 de la montre est brevet\u00e9. Ce mod\u00e8le ARTUUR est l\u2019allier id\u00e9al du citoyen du monde \u00e9l\u00e9gant. Avec Cedar, vous affichez une allure bien camp\u00e9e, en toute simplicit\u00e9.<\/span><\/p>\n","protected":false},"featured_media":2068,"template":"","meta":{"inline_featured_image":false,"_joinchat":[]},"product_cat":[192,134,200],"product_tag":[],"class_list":{"0":"post-2058","1":"product","2":"type-product","3":"status-publish","4":"has-post-thumbnail","6":"product_cat-cedar-fr","7":"product_cat-montres","8":"product_cat-standard-fr","10":"first","11":"instock","12":"taxable","13":"shipping-taxable","14":"purchasable","15":"product-type-simple"},"yoast_head":"<!-- This site is optimized with the Yoast SEO plugin v23.5 - https:\/\/yoast.com\/wordpress\/plugins\/seo\/ -->\n<title>ARTUUR Cedar - Artuur Watches<\/title>\n<meta name=\"description\" content=\"Cadran blanc avec design ARTUUR brevet\u00e9 Marques de l\u2019heure incrust\u00e9 en m\u00e9tal Boitier en metal brillant. Croco-style cuir avec un fini brillant. Cousu \u00e0 la main.\" \/>\n<meta name=\"robots\" content=\"noindex, follow, max-snippet:-1, max-image-preview:large, max-video-preview:-1\" \/>\n<meta property=\"og:locale\" content=\"fr_FR\" \/>\n<meta property=\"og:type\" content=\"article\" \/>\n<meta property=\"og:title\" content=\"ARTUUR Cedar - Artuur Watches\" \/>\n<meta property=\"og:description\" content=\"Cadran blanc avec design ARTUUR brevet\u00e9 Marques de l\u2019heure incrust\u00e9 en m\u00e9tal Boitier en metal brillant. Croco-style cuir avec un fini brillant. Cousu \u00e0 la main.\" \/>\n<meta property=\"og:url\" content=\"https:\/\/staging.artuur-watches.be\/fr\/produit\/artuur-cedar\/\" \/>\n<meta property=\"og:site_name\" content=\"Artuur Watches\" \/>\n<meta property=\"article:publisher\" content=\"https:\/\/www.facebook.com\/artuurwatches\/\" \/>\n<meta property=\"article:modified_time\" content=\"2022-02-23T09:58:33+00:00\" \/>\n<meta property=\"og:image\" content=\"https:\/\/staging.artuur-watches.be\/wp-content\/uploads\/2020\/09\/CEDAR-standaarcrocobrown-1024x640.png\" \/>\n\t<meta property=\"og:image:width\" content=\"1024\" \/>\n\t<meta property=\"og:image:height\" content=\"640\" \/>\n\t<meta property=\"og:image:type\" content=\"image\/png\" \/>\n<meta name=\"twitter:card\" content=\"summary_large_image\" \/>\n<script type=\"application\/ld+json\" class=\"yoast-schema-graph\">{\"@context\":\"https:\/\/schema.org\",\"@graph\":[{\"@type\":\"WebPage\",\"@id\":\"https:\/\/staging.artuur-watches.be\/fr\/produit\/artuur-cedar\/\",\"url\":\"https:\/\/staging.artuur-watches.be\/fr\/produit\/artuur-cedar\/\",\"name\":\"ARTUUR Cedar - Artuur Watches\",\"isPartOf\":{\"@id\":\"https:\/\/staging.artuur-watches.be\/fr\/#website\"},\"primaryImageOfPage\":{\"@id\":\"https:\/\/staging.artuur-watches.be\/fr\/produit\/artuur-cedar\/#primaryimage\"},\"image\":{\"@id\":\"https:\/\/staging.artuur-watches.be\/fr\/produit\/artuur-cedar\/#primaryimage\"},\"thumbnailUrl\":\"https:\/\/staging.artuur-watches.be\/wp-content\/uploads\/2020\/09\/CEDAR-standaarcrocobrown.png\",\"datePublished\":\"2020-09-18T11:46:31+00:00\",\"dateModified\":\"2022-02-23T09:58:33+00:00\",\"description\":\"Cadran blanc avec design ARTUUR brevet\u00e9 Marques de l\u2019heure incrust\u00e9 en m\u00e9tal Boitier en metal brillant. Croco-style cuir avec un fini brillant. Cousu \u00e0 la main.\",\"breadcrumb\":{\"@id\":\"https:\/\/staging.artuur-watches.be\/fr\/produit\/artuur-cedar\/#breadcrumb\"},\"inLanguage\":\"fr-BE\",\"potentialAction\":[{\"@type\":\"ReadAction\",\"target\":[\"https:\/\/staging.artuur-watches.be\/fr\/produit\/artuur-cedar\/\"]}]},{\"@type\":\"ImageObject\",\"inLanguage\":\"fr-BE\",\"@id\":\"https:\/\/staging.artuur-watches.be\/fr\/produit\/artuur-cedar\/#primaryimage\",\"url\":\"https:\/\/staging.artuur-watches.be\/wp-content\/uploads\/2020\/09\/CEDAR-standaarcrocobrown.png\",\"contentUrl\":\"https:\/\/staging.artuur-watches.be\/wp-content\/uploads\/2020\/09\/CEDAR-standaarcrocobrown.png\",\"width\":8000,\"height\":5001},{\"@type\":\"BreadcrumbList\",\"@id\":\"https:\/\/staging.artuur-watches.be\/fr\/produit\/artuur-cedar\/#breadcrumb\",\"itemListElement\":[{\"@type\":\"ListItem\",\"position\":1,\"name\":\"Home\",\"item\":\"https:\/\/staging.artuur-watches.be\/fr\/\"},{\"@type\":\"ListItem\",\"position\":2,\"name\":\"Shop\",\"item\":\"https:\/\/staging.artuur-watches.be\/winkel\/\"},{\"@type\":\"ListItem\",\"position\":3,\"name\":\"ARTUUR Cedar\"}]},{\"@type\":\"WebSite\",\"@id\":\"https:\/\/staging.artuur-watches.be\/fr\/#website\",\"url\":\"https:\/\/staging.artuur-watches.be\/fr\/\",\"name\":\"Artuur Watches\",\"description\":\"A new Belgian watchbrand, combining timelessness and elegance in a super-personal design.\",\"publisher\":{\"@id\":\"https:\/\/staging.artuur-watches.be\/fr\/#organization\"},\"potentialAction\":[{\"@type\":\"SearchAction\",\"target\":{\"@type\":\"EntryPoint\",\"urlTemplate\":\"https:\/\/staging.artuur-watches.be\/fr\/?s={search_term_string}\"},\"query-input\":{\"@type\":\"PropertyValueSpecification\",\"valueRequired\":true,\"valueName\":\"search_term_string\"}}],\"inLanguage\":\"fr-BE\"},{\"@type\":\"Organization\",\"@id\":\"https:\/\/staging.artuur-watches.be\/fr\/#organization\",\"name\":\"Artuur watches\",\"url\":\"https:\/\/staging.artuur-watches.be\/fr\/\",\"logo\":{\"@type\":\"ImageObject\",\"inLanguage\":\"fr-BE\",\"@id\":\"https:\/\/staging.artuur-watches.be\/fr\/#\/schema\/logo\/image\/\",\"url\":\"https:\/\/www.artuur-watches.be\/wp-content\/uploads\/2020\/07\/Logo_Artuur-dark_Artuur.png\",\"contentUrl\":\"https:\/\/www.artuur-watches.be\/wp-content\/uploads\/2020\/07\/Logo_Artuur-dark_Artuur.png\",\"width\":5316,\"height\":751,\"caption\":\"Artuur watches\"},\"image\":{\"@id\":\"https:\/\/staging.artuur-watches.be\/fr\/#\/schema\/logo\/image\/\"},\"sameAs\":[\"https:\/\/www.facebook.com\/artuurwatches\/\",\"https:\/\/www.instagram.com\/artuurwatches\/\"]}]}<\/script>\n<!-- \/ Yoast SEO plugin. -->","yoast_head_json":{"title":"ARTUUR Cedar - Artuur Watches","description":"Cadran blanc avec design ARTUUR brevet\u00e9 Marques de l\u2019heure incrust\u00e9 en m\u00e9tal Boitier en metal brillant. Croco-style cuir avec un fini brillant. Cousu \u00e0 la main.","robots":{"index":"noindex","follow":"follow","max-snippet":"max-snippet:-1","max-image-preview":"max-image-preview:large","max-video-preview":"max-video-preview:-1"},"og_locale":"fr_FR","og_type":"article","og_title":"ARTUUR Cedar - Artuur Watches","og_description":"Cadran blanc avec design ARTUUR brevet\u00e9 Marques de l\u2019heure incrust\u00e9 en m\u00e9tal Boitier en metal brillant. Croco-style cuir avec un fini brillant. Cousu \u00e0 la main.","og_url":"https:\/\/staging.artuur-watches.be\/fr\/produit\/artuur-cedar\/","og_site_name":"Artuur Watches","article_publisher":"https:\/\/www.facebook.com\/artuurwatches\/","article_modified_time":"2022-02-23T09:58:33+00:00","og_image":[{"width":1024,"height":640,"url":"https:\/\/staging.artuur-watches.be\/wp-content\/uploads\/2020\/09\/CEDAR-standaarcrocobrown-1024x640.png","type":"image\/png"}],"twitter_card":"summary_large_image","schema":{"@context":"https:\/\/schema.org","@graph":[{"@type":"WebPage","@id":"https:\/\/staging.artuur-watches.be\/fr\/produit\/artuur-cedar\/","url":"https:\/\/staging.artuur-watches.be\/fr\/produit\/artuur-cedar\/","name":"ARTUUR Cedar - Artuur Watches","isPartOf":{"@id":"https:\/\/staging.artuur-watches.be\/fr\/#website"},"primaryImageOfPage":{"@id":"https:\/\/staging.artuur-watches.be\/fr\/produit\/artuur-cedar\/#primaryimage"},"image":{"@id":"https:\/\/staging.artuur-watches.be\/fr\/produit\/artuur-cedar\/#primaryimage"},"thumbnailUrl":"https:\/\/staging.artuur-watches.be\/wp-content\/uploads\/2020\/09\/CEDAR-standaarcrocobrown.png","datePublished":"2020-09-18T11:46:31+00:00","dateModified":"2022-02-23T09:58:33+00:00","description":"Cadran blanc avec design ARTUUR brevet\u00e9 Marques de l\u2019heure incrust\u00e9 en m\u00e9tal Boitier en metal brillant. Croco-style cuir avec un fini brillant. Cousu \u00e0 la main.","breadcrumb":{"@id":"https:\/\/staging.artuur-watches.be\/fr\/produit\/artuur-cedar\/#breadcrumb"},"inLanguage":"fr-BE","potentialAction":[{"@type":"ReadAction","target":["https:\/\/staging.artuur-watches.be\/fr\/produit\/artuur-cedar\/"]}]},{"@type":"ImageObject","inLanguage":"fr-BE","@id":"https:\/\/staging.artuur-watches.be\/fr\/produit\/artuur-cedar\/#primaryimage","url":"https:\/\/staging.artuur-watches.be\/wp-content\/uploads\/2020\/09\/CEDAR-standaarcrocobrown.png","contentUrl":"https:\/\/staging.artuur-watches.be\/wp-content\/uploads\/2020\/09\/CEDAR-standaarcrocobrown.png","width":8000,"height":5001},{"@type":"BreadcrumbList","@id":"https:\/\/staging.artuur-watches.be\/fr\/produit\/artuur-cedar\/#breadcrumb","itemListElement":[{"@type":"ListItem","position":1,"name":"Home","item":"https:\/\/staging.artuur-watches.be\/fr\/"},{"@type":"ListItem","position":2,"name":"Shop","item":"https:\/\/staging.artuur-watches.be\/winkel\/"},{"@type":"ListItem","position":3,"name":"ARTUUR Cedar"}]},{"@type":"WebSite","@id":"https:\/\/staging.artuur-watches.be\/fr\/#website","url":"https:\/\/staging.artuur-watches.be\/fr\/","name":"Artuur Watches","description":"A new Belgian watchbrand, combining timelessness and elegance in a super-personal design.","publisher":{"@id":"https:\/\/staging.artuur-watches.be\/fr\/#organization"},"potentialAction":[{"@type":"SearchAction","target":{"@type":"EntryPoint","urlTemplate":"https:\/\/staging.artuur-watches.be\/fr\/?s={search_term_string}"},"query-input":{"@type":"PropertyValueSpecification","valueRequired":true,"valueName":"search_term_string"}}],"inLanguage":"fr-BE"},{"@type":"Organization","@id":"https:\/\/staging.artuur-watches.be\/fr\/#organization","name":"Artuur watches","url":"https:\/\/staging.artuur-watches.be\/fr\/","logo":{"@type":"ImageObject","inLanguage":"fr-BE","@id":"https:\/\/staging.artuur-watches.be\/fr\/#\/schema\/logo\/image\/","url":"https:\/\/www.artuur-watches.be\/wp-content\/uploads\/2020\/07\/Logo_Artuur-dark_Artuur.png","contentUrl":"https:\/\/www.artuur-watches.be\/wp-content\/uploads\/2020\/07\/Logo_Artuur-dark_Artuur.png","width":5316,"height":751,"caption":"Artuur watches"},"image":{"@id":"https:\/\/staging.artuur-watches.be\/fr\/#\/schema\/logo\/image\/"},"sameAs":["https:\/\/www.facebook.com\/artuurwatches\/","https:\/\/www.instagram.com\/artuurwatches\/"]}]}},"_links":{"self":[{"href":"https:\/\/staging.artuur-watches.be\/fr\/wp-json\/wp\/v2\/product\/2058"}],"collection":[{"href":"https:\/\/staging.artuur-watches.be\/fr\/wp-json\/wp\/v2\/product"}],"about":[{"href":"https:\/\/staging.artuur-watches.be\/fr\/wp-json\/wp\/v2\/types\/product"}],"wp:featuredmedia":[{"embeddable":true,"href":"https:\/\/staging.artuur-watches.be\/fr\/wp-json\/wp\/v2\/media\/2068"}],"wp:attachment":[{"href":"https:\/\/staging.artuur-watches.be\/fr\/wp-json\/wp\/v2\/media?parent=2058"}],"wp:term":[{"taxonomy":"product_cat","embeddable":true,"href":"https:\/\/staging.artuur-watches.be\/fr\/wp-json\/wp\/v2\/product_cat?post=2058"},{"taxonomy":"product_tag","embeddable":true,"href":"https:\/\/staging.artuur-watches.be\/fr\/wp-json\/wp\/v2\/product_tag?post=2058"}],"curies":[{"name":"wp","href":"https:\/\/api.w.org\/{rel}","templated":true}]}}