    {"id":3888,"date":"2020-12-18T11:15:48","date_gmt":"2020-12-18T11:15:48","guid":{"rendered":"https:\/\/www.artuur-watches.be\/?page_id=3888"},"modified":"2020-12-18T11:15:48","modified_gmt":"2020-12-18T11:15:48","slug":"cadeaubon","status":"publish","type":"page","link":"https:\/\/staging.artuur-watches.be\/fr\/cadeaubon\/","title":{"rendered":"Cadeaubon"},"content":{"rendered":"<p>[vc_row][vc_column][vc_column_text]<\/p>\n<h1 class=\"entry-title\">Ch\u00e8que cadeau<\/h1>\n<div>\n<p>Vous cherchez encore un cadeau \u00e9l\u00e9gant pour faire une surprise \u00e0 quelqu\u2019un ? ARTUUR est l\u2019ailier pour lui ou elle. Offrez un bon cadeau ARTUUR d\u2019une valeur de \u20ac25, \u20ac50, \u20ac75 ou \u20ac100. Ainsi, vous pouvez \u00eatre s\u00fbr que la personne que vous surprenez choisit la montre qu\u2019elle\u00a0pr\u00e9f\u00e8re le plus.<\/p>\n<\/div>\n<p>[\/vc_column_text][\/vc_column][\/vc_row][vc_row][vc_column]<div class=\"woocommerce columns-4 \"><ul class=\"products hover-other_image columns-4\"><li class=\"product type-product post-3785 status-publish first instock product_cat-cheque-cadeau has-post-thumbnail taxable shipping-taxable purchasable product-type-variable\">\n\t<div class=\"product-inner\"><div class=\"product-thumbnail\"><a href=\"https:\/\/staging.artuur-watches.be\/fr\/produit\/cheque-cadeau\/\" class=\"woocommerce-LoopProduct-link woocommerce-loop-product__link\"><img loading=\"lazy\" decoding=\"async\" width=\"680\" height=\"920\" src=\"https:\/\/staging.artuur-watches.be\/wp-content\/uploads\/2020\/12\/gift-voucher-no-price-680x920.png\" class=\"attachment-woocommerce_thumbnail size-woocommerce_thumbnail\" alt=\"\" srcset=\"https:\/\/staging.artuur-watches.be\/wp-content\/uploads\/2020\/12\/gift-voucher-no-price.png 680w, https:\/\/staging.artuur-watches.be\/wp-content\/uploads\/2020\/12\/gift-voucher-no-price-222x300.png 222w, https:\/\/staging.artuur-watches.be\/wp-content\/uploads\/2020\/12\/gift-voucher-no-price-660x893.png 660w, https:\/\/staging.artuur-watches.be\/wp-content\/uploads\/2020\/12\/gift-voucher-no-price-100x135.png 100w\" sizes=\"(max-width: 680px) 100vw, 680px\" \/><\/a><\/div><div class=\"product-summary\"><h2 class=\"woocommerce-loop-product__title\"><a href=\"https:\/\/staging.artuur-watches.be\/fr\/produit\/cheque-cadeau\/\" class=\"woocommerce-LoopProduct-link woocommerce-loop-product__link\">Ch\u00e8que cadeau<\/a><\/h2>\n\t<span class=\"price\"><span class=\"woocs_price_code\" data-currency=\"\" data-redraw-id=\"69e24173b14aa\"  data-product-id=\"3785\"><span class=\"woocommerce-Price-amount amount\"><bdi><span class=\"woocommerce-Price-currencySymbol\">&euro;<\/span>&nbsp;25,00<\/bdi><\/span> &ndash; <span class=\"woocommerce-Price-amount amount\"><bdi><span class=\"woocommerce-Price-currencySymbol\">&euro;<\/span>&nbsp;100,00<\/bdi><\/span><\/span><\/span>\n<div class=\"buttons clearfix\"><a href=\"https:\/\/staging.artuur-watches.be\/fr\/produit\/cheque-cadeau\/\" aria-describedby=\"woocommerce_loop_add_to_cart_link_describedby_3785\" data-quantity=\"1\" class=\"button product_type_variable add_to_cart_button woocommerce-loop-product__button\" data-product_id=\"3785\" data-product_sku=\"Cadeaubon\" aria-label=\"S\u00e9lectionner les options pour &ldquo;Ch\u00e8que cadeau&rdquo;\" rel=\"nofollow\">Choix des options<\/a>\t<span id=\"woocommerce_loop_add_to_cart_link_describedby_3785\" class=\"screen-reader-text\">\n\t\tThis product has multiple variants. The options may be chosen on the product page\t<\/span>\n<a href=\"\/fr\/wp-json\/wp\/v2\/pages\/3888?add_to_wishlist=3785\" data-product_id=\"3785\" data-product_type=\"variable\" class=\"button add-to-wishlist-button add-to-wishlist-3785 \" rel=\"nofollow\">\r\n\t\t\t\t<span class=\"add-to-wishlist add\">\r\n\t\t\t\t\t<span class=\"svg-icon icon-heart-o size-normal \"><svg role=\"img\"> <use href=\"#heart-o\" xlink:href=\"#heart-o\"><\/use> <\/svg><\/span>\r\n\t\t\t\t\t<span class=\"screen-reader-text button-text\">Add to wishlist<\/span>\r\n\t\t\t\t<\/span>\r\n\t\t\t\t<span class=\"adding-to-wishlist adding\">\r\n\t\t\t\t\t<span class=\"spinner\"><\/span>\r\n\t\t\t\t\t<span class=\"screen-reader-text button-text\">Adding to wishlist<\/span>\r\n\t\t\t\t<\/span>\r\n\t\t\t\t<span class=\"brow-wishlist added\">\r\n\t\t\t\t\t<span class=\"svg-icon icon-heart size-normal \"><svg role=\"img\"> <use href=\"#heart\" xlink:href=\"#heart\"><\/use> <\/svg><\/span>\r\n\t\t\t\t\t<span class=\"screen-reader-text button-text\">Added to wishlist<\/span>\r\n\t\t\t\t<\/span>\r\n\t\t\t<\/a><\/div><\/div><\/div><\/li>\n<\/ul><\/div>[\/vc_column][\/vc_row]<\/p>\n","protected":false},"excerpt":{"rendered":"<p>[vc_row][vc_column][vc_column_text] Ch\u00e8que cadeau Vous cherchez encore un cadeau \u00e9l\u00e9gant pour faire une surprise \u00e0 quelqu\u2019un ? ARTUUR est l\u2019ailier pour lui ou elle. Offrez un bon cadeau ARTUUR d\u2019une valeur&hellip;<\/p>\n","protected":false},"author":1,"featured_media":0,"parent":0,"menu_order":17,"comment_status":"closed","ping_status":"closed","template":"","meta":{"inline_featured_image":false,"_joinchat":[],"footnotes":""},"class_list":["post-3888","page","type-page","status-publish","hentry"],"yoast_head":"<!-- This site is optimized with the Yoast SEO plugin v23.5 - https:\/\/yoast.com\/wordpress\/plugins\/seo\/ -->\n<title>Cadeaubon - Artuur Watches<\/title>\n<meta name=\"robots\" content=\"noindex, follow, max-snippet:-1, max-image-preview:large, max-video-preview:-1\" \/>\n<meta property=\"og:locale\" content=\"fr_FR\" \/>\n<meta property=\"og:type\" content=\"article\" \/>\n<meta property=\"og:title\" content=\"Cadeaubon - Artuur Watches\" \/>\n<meta property=\"og:description\" content=\"[vc_row][vc_column][vc_column_text] Ch\u00e8que cadeau Vous cherchez encore un cadeau \u00e9l\u00e9gant pour faire une surprise \u00e0 quelqu\u2019un ? ARTUUR est l\u2019ailier pour lui ou elle. Offrez un bon cadeau ARTUUR d\u2019une valeur&hellip;\" \/>\n<meta property=\"og:url\" content=\"https:\/\/staging.artuur-watches.be\/fr\/cadeaubon\/\" \/>\n<meta property=\"og:site_name\" content=\"Artuur Watches\" \/>\n<meta property=\"article:publisher\" content=\"https:\/\/www.facebook.com\/artuurwatches\/\" \/>\n<meta name=\"twitter:card\" content=\"summary_large_image\" \/>\n<script type=\"application\/ld+json\" class=\"yoast-schema-graph\">{\"@context\":\"https:\/\/schema.org\",\"@graph\":[{\"@type\":\"WebPage\",\"@id\":\"https:\/\/staging.artuur-watches.be\/fr\/cadeaubon\/\",\"url\":\"https:\/\/staging.artuur-watches.be\/fr\/cadeaubon\/\",\"name\":\"Cadeaubon - Artuur Watches\",\"isPartOf\":{\"@id\":\"https:\/\/staging.artuur-watches.be\/fr\/#website\"},\"datePublished\":\"2020-12-18T11:15:48+00:00\",\"dateModified\":\"2020-12-18T11:15:48+00:00\",\"breadcrumb\":{\"@id\":\"https:\/\/staging.artuur-watches.be\/fr\/cadeaubon\/#breadcrumb\"},\"inLanguage\":\"fr-BE\",\"potentialAction\":[{\"@type\":\"ReadAction\",\"target\":[\"https:\/\/staging.artuur-watches.be\/fr\/cadeaubon\/\"]}]},{\"@type\":\"BreadcrumbList\",\"@id\":\"https:\/\/staging.artuur-watches.be\/fr\/cadeaubon\/#breadcrumb\",\"itemListElement\":[{\"@type\":\"ListItem\",\"position\":1,\"name\":\"Home\",\"item\":\"https:\/\/staging.artuur-watches.be\/fr\/\"},{\"@type\":\"ListItem\",\"position\":2,\"name\":\"Cadeaubon\"}]},{\"@type\":\"WebSite\",\"@id\":\"https:\/\/staging.artuur-watches.be\/fr\/#website\",\"url\":\"https:\/\/staging.artuur-watches.be\/fr\/\",\"name\":\"Artuur Watches\",\"description\":\"A new Belgian watchbrand, combining timelessness and elegance in a super-personal design.\",\"publisher\":{\"@id\":\"https:\/\/staging.artuur-watches.be\/fr\/#organization\"},\"potentialAction\":[{\"@type\":\"SearchAction\",\"target\":{\"@type\":\"EntryPoint\",\"urlTemplate\":\"https:\/\/staging.artuur-watches.be\/fr\/?s={search_term_string}\"},\"query-input\":{\"@type\":\"PropertyValueSpecification\",\"valueRequired\":true,\"valueName\":\"search_term_string\"}}],\"inLanguage\":\"fr-BE\"},{\"@type\":\"Organization\",\"@id\":\"https:\/\/staging.artuur-watches.be\/fr\/#organization\",\"name\":\"Artuur watches\",\"url\":\"https:\/\/staging.artuur-watches.be\/fr\/\",\"logo\":{\"@type\":\"ImageObject\",\"inLanguage\":\"fr-BE\",\"@id\":\"https:\/\/staging.artuur-watches.be\/fr\/#\/schema\/logo\/image\/\",\"url\":\"https:\/\/www.artuur-watches.be\/wp-content\/uploads\/2020\/07\/Logo_Artuur-dark_Artuur.png\",\"contentUrl\":\"https:\/\/www.artuur-watches.be\/wp-content\/uploads\/2020\/07\/Logo_Artuur-dark_Artuur.png\",\"width\":5316,\"height\":751,\"caption\":\"Artuur watches\"},\"image\":{\"@id\":\"https:\/\/staging.artuur-watches.be\/fr\/#\/schema\/logo\/image\/\"},\"sameAs\":[\"https:\/\/www.facebook.com\/artuurwatches\/\",\"https:\/\/www.instagram.com\/artuurwatches\/\"]}]}<\/script>\n<!-- \/ Yoast SEO plugin. -->","yoast_head_json":{"title":"Cadeaubon - Artuur Watches","robots":{"index":"noindex","follow":"follow","max-snippet":"max-snippet:-1","max-image-preview":"max-image-preview:large","max-video-preview":"max-video-preview:-1"},"og_locale":"fr_FR","og_type":"article","og_title":"Cadeaubon - Artuur Watches","og_description":"[vc_row][vc_column][vc_column_text] Ch\u00e8que cadeau Vous cherchez encore un cadeau \u00e9l\u00e9gant pour faire une surprise \u00e0 quelqu\u2019un ? ARTUUR est l\u2019ailier pour lui ou elle. Offrez un bon cadeau ARTUUR d\u2019une valeur&hellip;","og_url":"https:\/\/staging.artuur-watches.be\/fr\/cadeaubon\/","og_site_name":"Artuur Watches","article_publisher":"https:\/\/www.facebook.com\/artuurwatches\/","twitter_card":"summary_large_image","schema":{"@context":"https:\/\/schema.org","@graph":[{"@type":"WebPage","@id":"https:\/\/staging.artuur-watches.be\/fr\/cadeaubon\/","url":"https:\/\/staging.artuur-watches.be\/fr\/cadeaubon\/","name":"Cadeaubon - Artuur Watches","isPartOf":{"@id":"https:\/\/staging.artuur-watches.be\/fr\/#website"},"datePublished":"2020-12-18T11:15:48+00:00","dateModified":"2020-12-18T11:15:48+00:00","breadcrumb":{"@id":"https:\/\/staging.artuur-watches.be\/fr\/cadeaubon\/#breadcrumb"},"inLanguage":"fr-BE","potentialAction":[{"@type":"ReadAction","target":["https:\/\/staging.artuur-watches.be\/fr\/cadeaubon\/"]}]},{"@type":"BreadcrumbList","@id":"https:\/\/staging.artuur-watches.be\/fr\/cadeaubon\/#breadcrumb","itemListElement":[{"@type":"ListItem","position":1,"name":"Home","item":"https:\/\/staging.artuur-watches.be\/fr\/"},{"@type":"ListItem","position":2,"name":"Cadeaubon"}]},{"@type":"WebSite","@id":"https:\/\/staging.artuur-watches.be\/fr\/#website","url":"https:\/\/staging.artuur-watches.be\/fr\/","name":"Artuur Watches","description":"A new Belgian watchbrand, combining timelessness and elegance in a super-personal design.","publisher":{"@id":"https:\/\/staging.artuur-watches.be\/fr\/#organization"},"potentialAction":[{"@type":"SearchAction","target":{"@type":"EntryPoint","urlTemplate":"https:\/\/staging.artuur-watches.be\/fr\/?s={search_term_string}"},"query-input":{"@type":"PropertyValueSpecification","valueRequired":true,"valueName":"search_term_string"}}],"inLanguage":"fr-BE"},{"@type":"Organization","@id":"https:\/\/staging.artuur-watches.be\/fr\/#organization","name":"Artuur watches","url":"https:\/\/staging.artuur-watches.be\/fr\/","logo":{"@type":"ImageObject","inLanguage":"fr-BE","@id":"https:\/\/staging.artuur-watches.be\/fr\/#\/schema\/logo\/image\/","url":"https:\/\/www.artuur-watches.be\/wp-content\/uploads\/2020\/07\/Logo_Artuur-dark_Artuur.png","contentUrl":"https:\/\/www.artuur-watches.be\/wp-content\/uploads\/2020\/07\/Logo_Artuur-dark_Artuur.png","width":5316,"height":751,"caption":"Artuur watches"},"image":{"@id":"https:\/\/staging.artuur-watches.be\/fr\/#\/schema\/logo\/image\/"},"sameAs":["https:\/\/www.facebook.com\/artuurwatches\/","https:\/\/www.instagram.com\/artuurwatches\/"]}]}},"_links":{"self":[{"href":"https:\/\/staging.artuur-watches.be\/fr\/wp-json\/wp\/v2\/pages\/3888"}],"collection":[{"href":"https:\/\/staging.artuur-watches.be\/fr\/wp-json\/wp\/v2\/pages"}],"about":[{"href":"https:\/\/staging.artuur-watches.be\/fr\/wp-json\/wp\/v2\/types\/page"}],"author":[{"embeddable":true,"href":"https:\/\/staging.artuur-watches.be\/fr\/wp-json\/wp\/v2\/users\/1"}],"replies":[{"embeddable":true,"href":"https:\/\/staging.artuur-watches.be\/fr\/wp-json\/wp\/v2\/comments?post=3888"}],"version-history":[{"count":1,"href":"https:\/\/staging.artuur-watches.be\/fr\/wp-json\/wp\/v2\/pages\/3888\/revisions"}],"predecessor-version":[{"id":3889,"href":"https:\/\/staging.artuur-watches.be\/fr\/wp-json\/wp\/v2\/pages\/3888\/revisions\/3889"}],"wp:attachment":[{"href":"https:\/\/staging.artuur-watches.be\/fr\/wp-json\/wp\/v2\/media?parent=3888"}],"curies":[{"name":"wp","href":"https:\/\/api.w.org\/{rel}","templated":true}]}}