    {"id":2619,"date":"2020-09-23T09:09:19","date_gmt":"2020-09-23T09:09:19","guid":{"rendered":"https:\/\/www.artuur-watches.be\/?page_id=2619"},"modified":"2021-04-15T15:27:30","modified_gmt":"2021-04-15T15:27:30","slug":"politique-de-confidentialite","status":"publish","type":"page","link":"https:\/\/staging.artuur-watches.be\/fr\/politique-de-confidentialite\/","title":{"rendered":"Politique de confidentialit\u00e9"},"content":{"rendered":"<p>ARTUUR attache une grande importance \u00e0 la protection de vos donn\u00e9es \u00e0 caract\u00e8re personnel (et au respect de votre vie priv\u00e9e).\u2028Au travers de cette d\u00e9claration de confidentialit\u00e9, nous voulons fournir des informations claires et transparentes sur (le type de donn\u00e9es que nous collectons et sur) la mani\u00e8re dont nous traitons les donn\u00e9es \u00e0 caract\u00e8re personnel. Nous mettons tout en \u0153uvre pour prot\u00e9ger votre vie priv\u00e9e et traitons donc les donn\u00e9es \u00e0 caract\u00e8re personnel avec soin. ARTUUR se conforme dans tous les cas aux lois et r\u00e8glements applicables, y compris le R\u00e8glement g\u00e9n\u00e9ral sur la protection des donn\u00e9es (RGPD).<\/p>\n<p>Dans tous les cas, cela implique que :<\/p>\n<p>\u2022 nous traitons vos donn\u00e9es \u00e0 caract\u00e8re personnel conform\u00e9ment \u00e0 la finalit\u00e9 pour laquelle elles ont \u00e9t\u00e9 fournies, ces finalit\u00e9s et le type de donn\u00e9es \u00e0 caract\u00e8re personnel sont d\u00e9crits dans la pr\u00e9sente d\u00e9claration de confidentialit\u00e9 ;<br \/>\n\u2022 le traitement de vos donn\u00e9es \u00e0 caract\u00e8re personnel est limit\u00e9 aux seules donn\u00e9es qui sont requises au minimum pour les finalit\u00e9s pour lesquelles elles sont trait\u00e9es ;<br \/>\n\u2022 nous demandons votre consentement explicite si nous en avons besoin pour le traitement de vos donn\u00e9es \u00e0 caract\u00e8re personnel ;<br \/>\n\u2022 nous avons pris les mesures techniques et organisationnelles ad\u00e9quates pour garantir la s\u00e9curit\u00e9 de vos donn\u00e9es \u00e0 caract\u00e8re personnel ;<br \/>\n\u2022 nous ne transf\u00e9rons aucune donn\u00e9e \u00e0 caract\u00e8re personnel \u00e0 des tiers, sauf si cela est n\u00e9cessaire \u00e0 l\u2019ex\u00e9cution des finalit\u00e9s pour lesquels elles sont transmises ;<br \/>\n\u2022 nous sommes inform\u00e9s de vos droits relatifs \u00e0 vos donn\u00e9es \u00e0 caract\u00e8re personnel, nous vous le signalons et nous les respectons.<\/p>\n<p>ARTUUR est responsable du traitement de vos donn\u00e9es \u00e0 caract\u00e8re personnel. S\u2019il vous reste des questions \u00e0 ce sujet apr\u00e8s avoir parcouru notre d\u00e9claration de confidentialit\u00e9 ou, d&#8217;une mani\u00e8re plus g\u00e9n\u00e9rale, si vous souhaitez nous contacter, vous pouvez le faire via les coordonn\u00e9es ci-dessous :<\/p>\n<p>ARTUUR<br \/>\nTOREKENSVELDEN 30<br \/>\n2861 OLV WAVER<br \/>\nBelgique n\u00b0 de TVA : BE 0834 240 679<\/p>\n<p>E-mail : kevin@artuur-watches.be<\/p>\n<p>\u00c0 quelles fins traitons-nous vos donn\u00e9es \u00e0 caract\u00e8re personnel ?<br \/>\nARTUUR traite vos donn\u00e9es \u00e0 caract\u00e8re personnel aux fins et selon les fondements juridiques suivants :<\/p>\n<p>\u2022 La gestion de votre compte ;<br \/>\n\u2022 Le traitement de vos commandes ;<br \/>\n\u2022 Pour vous livrer des biens et des services ;<br \/>\n\u2022 Organiser le service apr\u00e8s-vente ;<br \/>\n\u2022 Rendre le site web facilement accessible (au moyen de cookies) ;<br \/>\n\u2022 La communication \u00e0 des fins de marketing direct (par exemple, une newsletter) ;<br \/>\n\u2022 Pouvoir vous appeler ou vous envoyer un e-mail si cela est n\u00e9cessaire pour l&#8217;ex\u00e9cution de nos services ;<br \/>\n\u2022 Vous informer des changements apport\u00e9s \u00e0 nos services et produits ;<br \/>\n\u2022 Analyser votre comportement sur le site web afin d&#8217;am\u00e9liorer le site et d&#8217;adapter la gamme de produits et services \u00e0 vos pr\u00e9f\u00e9rences ;<br \/>\n\u2022 Le traitement de donn\u00e9es \u00e0 caract\u00e8re personnel si nous y sommes l\u00e9galement oblig\u00e9s, comme les donn\u00e9es dont nous avons besoin pour notre d\u00e9claration fiscale.<\/p>\n<p>Quel type de donn\u00e9es \u00e0 caract\u00e8re personnel traitons-nous ?<br \/>\nAux fins susmentionn\u00e9es, nous pouvons vous demander, conserver, collecter et traiter les donn\u00e9es \u00e0 caract\u00e8re personnel suivantes :<\/p>\n<p>\u2022 Donn\u00e9es d&#8217;identit\u00e9 personnelles : nom, pr\u00e9nom, adresse, num\u00e9ro de t\u00e9l\u00e9phone, e-mail<br \/>\n\u2022 Historique des achats, factures en souffrance, informations de paiement (dans la mesure o\u00f9 elles concernent des personnes physiques)<br \/>\n\u2022 Informations sur les pages web visit\u00e9es par une adresse IP<br \/>\n\u2022 Donn\u00e9es laiss\u00e9es sur notre site web<\/p>\n<p>Nous utilisons les donn\u00e9es collect\u00e9es uniquement aux fins pour lesquelles nous les avons re\u00e7ues.<\/p>\n<p>Mineurs<br \/>\nNotre site web et\/ou service n&#8217;a pas l&#8217;intention de collecter des informations sur les visiteurs du site web \u00e2g\u00e9s de moins de 16 ans. Sauf s&#8217;ils ont l&#8217;autorisation d&#8217;un parent ou d&#8217;un tuteur. Toutefois, nous ne pouvons pas v\u00e9rifier si un visiteur a plus de 16 ans. Nous encourageons donc les parents \u00e0 s&#8217;impliquer dans les activit\u00e9s en ligne de leurs enfants afin d&#8217;emp\u00eacher la collecte d&#8217;informations sur les enfants sans le consentement parental. Si vous pensez que nous avons recueilli des informations personnelles sur un mineur sans ce consentement, veuillez nous contacter \u00e0 l&#8217;adresse info@artuur-watches.be et nous supprimerons ces informations.<\/p>\n<p>Transfert \u00e0 des tiers<br \/>\nNous pouvons transf\u00e9rer \u00e0 des tiers les donn\u00e9es que vous nous avez fournies si cela est n\u00e9cessaire \u00e0 l\u2019ex\u00e9cution des fins d\u00e9crites ci-dessus.<\/p>\n<p>Par exemple, nous faisons appel \u00e0 une tierce partie aux fins suivantes :<\/p>\n<p>\u2022 Fourniture de vos donn\u00e9es \u00e0 caract\u00e8re personnel \u00e0 des services de livraison ;<br \/>\n\u2022 Prise en charge de l&#8217;environnement internet (h\u00e9bergement web) ;<br \/>\n\u2022 Prise en charge de l\u2019infrastructure informatique (y compris r\u00e9seau informatique, &#8230;) ;<\/p>\n<p>Nous ne transf\u00e9rons jamais de donn\u00e9es \u00e0 caract\u00e8re personnel \u00e0 des tiers avec lesquels nous n&#8217;avons pas conclu d\u2019accord de traitement des donn\u00e9es.\u2028Bien entendu, nous prenons les dispositions n\u00e9cessaires avec ces tiers (sous-traitants) pour garantir la s\u00e9curit\u00e9 de vos donn\u00e9es \u00e0 caract\u00e8re personnel.<\/p>\n<p>En outre, nous ne transmettrons pas les informations que vous nous avez fournies \u00e0 des tiers, sauf si cela est l\u00e9galement requis et autoris\u00e9.<\/p>\n<p>De plus, nous pouvons transf\u00e9rer des donn\u00e9es \u00e0 caract\u00e8re personnel \u00e0 des tiers si vous nous en avez donn\u00e9 l\u2019autorisation. Vous avez le droit de r\u00e9voquer ce consentement \u00e0 tout moment, sans que cela n\u2019affecte la lic\u00e9it\u00e9 du traitement pr\u00e9alable \u00e0 la r\u00e9vocation.<\/p>\n<p>Nous ne transf\u00e9rons aucune donn\u00e9e \u00e0 caract\u00e8re personnel \u00e0 des tiers \u00e9tablis en dehors de l&#8217;UE.<\/p>\n<p>Dur\u00e9e de conservation des donn\u00e9es \u00e0 caract\u00e8re personnel<br \/>\nARTUUR ne conserve pas vos donn\u00e9es \u00e0 caract\u00e8re personnel plus longtemps que strictement n\u00e9cessaire aux fins pour lesquelles elles sont collect\u00e9es. Nous appliquons les d\u00e9lais de conservation suivants pour les (cat\u00e9gories de) donn\u00e9es \u00e0 caract\u00e8re personnel suivantes :<\/p>\n<p>\u2022 (Cat\u00e9gorie) donn\u00e9es \u00e0 caract\u00e8re personnel &gt; conserv\u00e9es pendant 5 ans maximum apr\u00e8s la derni\u00e8re utilisation<br \/>\n\u2022 Coordonn\u00e9es &gt; conserv\u00e9es pendant 5 ans maximum apr\u00e8s la derni\u00e8re utilisation<br \/>\n\u2022 Adresse &gt; Conserv\u00e9e pendant 5 ans maximum apr\u00e8s la derni\u00e8re utilisation<\/p>\n<p>Cookies ou technologies similaires que nous utilisons<br \/>\nARTUUR utilise des cookies fonctionnels, analytiques et de suivi. Un cookie est un petit fichier texte qui est stock\u00e9 dans le navigateur de votre ordinateur, tablette ou smartphone lorsque vous visitez pour la premi\u00e8re fois ce site web. ARTUUR utilise des cookies avec une fonctionnalit\u00e9 purement technique. Ces cookies garantissent le bon fonctionnement du site web et, par exemple, m\u00e9morisent vos param\u00e8tres pr\u00e9f\u00e9r\u00e9s. Ces cookies sont \u00e9galement utilis\u00e9s pour assurer le bon fonctionnement et l&#8217;optimisation du site web. En outre, nous pla\u00e7ons des cookies qui suivent votre comportement de navigation afin de pouvoir vous proposer des contenus et annonces personnalis\u00e9s.<\/p>\n<p>Lors de votre premi\u00e8re visite sur notre site web, nous vous avons d\u00e9j\u00e0 inform\u00e9 de l&#8217;existence de ces cookies et vous avons demand\u00e9 l&#8217;autorisation de les placer.<br \/>\nVous pouvez refuser les cookies en configurant votre navigateur Internet de mani\u00e8re \u00e0 ce qu&#8217;il ne stocke plus de cookies. En outre, vous pouvez \u00e9galement supprimer toutes les informations pr\u00e9c\u00e9demment enregistr\u00e9es via les param\u00e8tres de votre navigateur.<\/p>\n<p>Pour une explication, visitez : https:\/\/veiliginternetten.nl\/themes\/situatie\/cookies-wat-zijn-het-en-wat-doe-ik-ermee\/<\/p>\n<p>Des cookies sont \u00e9galement plac\u00e9s sur ce site web par des tiers. Il s&#8217;agit, par exemple, d&#8217;annonceurs et\/ou de soci\u00e9t\u00e9s de m\u00e9dias sociaux.<br \/>\nUn aper\u00e7u est donn\u00e9 ci-dessous :<\/p>\n<p>[Exemple :\u2028Cookie : Google Analytics Nom : _utma Fonction : Cookie analytique qui mesure les visites de sites web Dur\u00e9e de conservation : 2 ans]<\/p>\n<p>Consulter, modifier ou supprimer des donn\u00e9es<br \/>\nVous avez le droit de consulter, de rectifier ou de supprimer vos donn\u00e9es \u00e0 caract\u00e8re personnel. Vous avez \u00e9galement le droit de retirer votre \u00e9ventuel consentement au traitement des donn\u00e9es ou de vous opposer au traitement de vos donn\u00e9es \u00e0 caract\u00e8re personnel par ARTUUR et vous avez le droit \u00e0 la portabilit\u00e9 des donn\u00e9es. Cela signifie que vous pouvez nous demander de vous envoyer les donn\u00e9es \u00e0 caract\u00e8re personnel dont nous disposons \u00e0 votre sujet dans un fichier informatique, ou de les transf\u00e9rer \u00e0 une autre organisation que vous aurez d\u00e9sign\u00e9e.<\/p>\n<p>Vous pouvez envoyer une demande de consultation, de rectification, de suppression, de transfert de vos donn\u00e9es \u00e0 caract\u00e8re personnel ou une demande de retrait de votre autorisation ou d&#8217;opposition au traitement de vos donn\u00e9es \u00e0 caract\u00e8re personnel \u00e0 l\u2019adresse info@artuur-watches.be.<\/p>\n<p>S\u00e9curit\u00e9 des donn\u00e9es<br \/>\nARTUUR prend la protection de vos donn\u00e9es au s\u00e9rieux et prend les mesures appropri\u00e9es pour emp\u00eacher toute utilisation abusive, perte, acc\u00e8s non autoris\u00e9, divulgation ind\u00e9sirable et modification non autoris\u00e9e. Si vous avez l\u2019impression que vos donn\u00e9es ne sont pas correctement prot\u00e9g\u00e9es ou si certains \u00e9l\u00e9ments laissent \u00e0 penser qu\u2019il y a usage abusif, veuillez contacter notre service client\u00e8le ou envoyer un e-mail \u00e0 info@artuur-watches.be. ARTUUR a pris les mesures suivantes pour s\u00e9curiser vos donn\u00e9es \u00e0 caract\u00e8re personnel :<\/p>\n<p>\u2022 Logiciels de s\u00e9curit\u00e9, tels qu&#8217;un scanner de virus et un pare-feu.<br \/>\n\u2022 TLS (anciennement SSL). Nous envoyons vos donn\u00e9es via une connexion internet s\u00e9curis\u00e9e. Vous pouvez le voir par la barre d&#8217;adresse \u2018https\u2019 et le cadenas dans la barre d&#8217;adresse.<\/p>\n<p>Vos droits concernant vos donn\u00e9es<br \/>\nVous disposez d\u2019un droit d\u2019acc\u00e8s ainsi que d\u2019un droit de rectification ou de suppression des donn\u00e9es \u00e0 caract\u00e8re personnel que nous avons re\u00e7ues de votre part. Vous trouverez en haut de la pr\u00e9sente d\u00e9claration de confidentialit\u00e9 la fa\u00e7on de nous contacter. (Vous pouvez \u00e9galement nous contacter via la page de contact de notre site web www.artuur-watches.be.)<\/p>\n<p>Vous pouvez \u00e9galement vous opposer au traitement de vos donn\u00e9es \u00e0 caract\u00e8re personnel (ou d&#8217;une partie de celles-ci) par nous.\u2028Vous avez \u00e9galement le droit de faire transf\u00e9rer les donn\u00e9es que vous avez fournies \u00e0 vous-m\u00eame ou, sur demande de votre part, directement \u00e0 un tiers. Avant de pouvoir donner suite aux demandes susmentionn\u00e9es, nous pourrons vous demander de justifier votre identit\u00e9.<\/p>\n<p>Plaintes<br \/>\nSi vous avez une plainte \u00e0 formuler concernant le traitement de vos donn\u00e9es \u00e0 caract\u00e8re personnel, veuillez nous contacter directement.<\/p>\n<p>Vous avez toujours le droit de d\u00e9poser une plainte aupr\u00e8s de la Commission de la protection de la vie priv\u00e9e, qui est l&#8217;autorit\u00e9 de contr\u00f4le charg\u00e9e de veiller \u00e0 la protection de la vie priv\u00e9e.<\/p>\n<p>Modification de la d\u00e9claration de confidentialit\u00e9<br \/>\nARTUUR peut modifier sa d\u00e9claration de confidentialit\u00e9. Toute modification sera annonc\u00e9e sur notre site web.<\/p>\n","protected":false},"excerpt":{"rendered":"<p>ARTUUR attache une grande importance \u00e0 la protection de vos donn\u00e9es \u00e0 caract\u00e8re personnel (et au respect de votre vie priv\u00e9e).\u2028Au travers de cette d\u00e9claration de confidentialit\u00e9, nous voulons fournir&hellip;<\/p>\n","protected":false},"author":1,"featured_media":0,"parent":0,"menu_order":22,"comment_status":"closed","ping_status":"closed","template":"","meta":{"inline_featured_image":false,"_joinchat":[],"footnotes":""},"class_list":["post-2619","page","type-page","status-publish","hentry"],"yoast_head":"<!-- This site is optimized with the Yoast SEO plugin v23.5 - https:\/\/yoast.com\/wordpress\/plugins\/seo\/ -->\n<title>Politique de confidentialit\u00e9 - Artuur Watches<\/title>\n<meta name=\"robots\" content=\"noindex, follow, max-snippet:-1, max-image-preview:large, max-video-preview:-1\" \/>\n<meta property=\"og:locale\" content=\"fr_FR\" \/>\n<meta property=\"og:type\" content=\"article\" \/>\n<meta property=\"og:title\" content=\"Politique de confidentialit\u00e9 - Artuur Watches\" \/>\n<meta property=\"og:description\" content=\"ARTUUR attache une grande importance \u00e0 la protection de vos donn\u00e9es \u00e0 caract\u00e8re personnel (et au respect de votre vie priv\u00e9e).\u2028Au travers de cette d\u00e9claration de confidentialit\u00e9, nous voulons fournir&hellip;\" \/>\n<meta property=\"og:url\" content=\"https:\/\/staging.artuur-watches.be\/fr\/politique-de-confidentialite\/\" \/>\n<meta property=\"og:site_name\" content=\"Artuur Watches\" \/>\n<meta property=\"article:publisher\" content=\"https:\/\/www.facebook.com\/artuurwatches\/\" \/>\n<meta property=\"article:modified_time\" content=\"2021-04-15T15:27:30+00:00\" \/>\n<meta name=\"twitter:card\" content=\"summary_large_image\" \/>\n<meta name=\"twitter:label1\" content=\"Dur\u00e9e de lecture est.\" \/>\n\t<meta name=\"twitter:data1\" content=\"9 minutes\" \/>\n<script type=\"application\/ld+json\" class=\"yoast-schema-graph\">{\"@context\":\"https:\/\/schema.org\",\"@graph\":[{\"@type\":\"WebPage\",\"@id\":\"https:\/\/staging.artuur-watches.be\/fr\/politique-de-confidentialite\/\",\"url\":\"https:\/\/staging.artuur-watches.be\/fr\/politique-de-confidentialite\/\",\"name\":\"Politique de confidentialit\u00e9 - Artuur Watches\",\"isPartOf\":{\"@id\":\"https:\/\/staging.artuur-watches.be\/fr\/#website\"},\"datePublished\":\"2020-09-23T09:09:19+00:00\",\"dateModified\":\"2021-04-15T15:27:30+00:00\",\"breadcrumb\":{\"@id\":\"https:\/\/staging.artuur-watches.be\/fr\/politique-de-confidentialite\/#breadcrumb\"},\"inLanguage\":\"fr-BE\",\"potentialAction\":[{\"@type\":\"ReadAction\",\"target\":[\"https:\/\/staging.artuur-watches.be\/fr\/politique-de-confidentialite\/\"]}]},{\"@type\":\"BreadcrumbList\",\"@id\":\"https:\/\/staging.artuur-watches.be\/fr\/politique-de-confidentialite\/#breadcrumb\",\"itemListElement\":[{\"@type\":\"ListItem\",\"position\":1,\"name\":\"Home\",\"item\":\"https:\/\/staging.artuur-watches.be\/fr\/\"},{\"@type\":\"ListItem\",\"position\":2,\"name\":\"Politique de confidentialit\u00e9\"}]},{\"@type\":\"WebSite\",\"@id\":\"https:\/\/staging.artuur-watches.be\/fr\/#website\",\"url\":\"https:\/\/staging.artuur-watches.be\/fr\/\",\"name\":\"Artuur Watches\",\"description\":\"A new Belgian watchbrand, combining timelessness and elegance in a super-personal design.\",\"publisher\":{\"@id\":\"https:\/\/staging.artuur-watches.be\/fr\/#organization\"},\"potentialAction\":[{\"@type\":\"SearchAction\",\"target\":{\"@type\":\"EntryPoint\",\"urlTemplate\":\"https:\/\/staging.artuur-watches.be\/fr\/?s={search_term_string}\"},\"query-input\":{\"@type\":\"PropertyValueSpecification\",\"valueRequired\":true,\"valueName\":\"search_term_string\"}}],\"inLanguage\":\"fr-BE\"},{\"@type\":\"Organization\",\"@id\":\"https:\/\/staging.artuur-watches.be\/fr\/#organization\",\"name\":\"Artuur watches\",\"url\":\"https:\/\/staging.artuur-watches.be\/fr\/\",\"logo\":{\"@type\":\"ImageObject\",\"inLanguage\":\"fr-BE\",\"@id\":\"https:\/\/staging.artuur-watches.be\/fr\/#\/schema\/logo\/image\/\",\"url\":\"https:\/\/www.artuur-watches.be\/wp-content\/uploads\/2020\/07\/Logo_Artuur-dark_Artuur.png\",\"contentUrl\":\"https:\/\/www.artuur-watches.be\/wp-content\/uploads\/2020\/07\/Logo_Artuur-dark_Artuur.png\",\"width\":5316,\"height\":751,\"caption\":\"Artuur watches\"},\"image\":{\"@id\":\"https:\/\/staging.artuur-watches.be\/fr\/#\/schema\/logo\/image\/\"},\"sameAs\":[\"https:\/\/www.facebook.com\/artuurwatches\/\",\"https:\/\/www.instagram.com\/artuurwatches\/\"]}]}<\/script>\n<!-- \/ Yoast SEO plugin. -->","yoast_head_json":{"title":"Politique de confidentialit\u00e9 - Artuur Watches","robots":{"index":"noindex","follow":"follow","max-snippet":"max-snippet:-1","max-image-preview":"max-image-preview:large","max-video-preview":"max-video-preview:-1"},"og_locale":"fr_FR","og_type":"article","og_title":"Politique de confidentialit\u00e9 - Artuur Watches","og_description":"ARTUUR attache une grande importance \u00e0 la protection de vos donn\u00e9es \u00e0 caract\u00e8re personnel (et au respect de votre vie priv\u00e9e).\u2028Au travers de cette d\u00e9claration de confidentialit\u00e9, nous voulons fournir&hellip;","og_url":"https:\/\/staging.artuur-watches.be\/fr\/politique-de-confidentialite\/","og_site_name":"Artuur Watches","article_publisher":"https:\/\/www.facebook.com\/artuurwatches\/","article_modified_time":"2021-04-15T15:27:30+00:00","twitter_card":"summary_large_image","twitter_misc":{"Dur\u00e9e de lecture est.":"9 minutes"},"schema":{"@context":"https:\/\/schema.org","@graph":[{"@type":"WebPage","@id":"https:\/\/staging.artuur-watches.be\/fr\/politique-de-confidentialite\/","url":"https:\/\/staging.artuur-watches.be\/fr\/politique-de-confidentialite\/","name":"Politique de confidentialit\u00e9 - Artuur Watches","isPartOf":{"@id":"https:\/\/staging.artuur-watches.be\/fr\/#website"},"datePublished":"2020-09-23T09:09:19+00:00","dateModified":"2021-04-15T15:27:30+00:00","breadcrumb":{"@id":"https:\/\/staging.artuur-watches.be\/fr\/politique-de-confidentialite\/#breadcrumb"},"inLanguage":"fr-BE","potentialAction":[{"@type":"ReadAction","target":["https:\/\/staging.artuur-watches.be\/fr\/politique-de-confidentialite\/"]}]},{"@type":"BreadcrumbList","@id":"https:\/\/staging.artuur-watches.be\/fr\/politique-de-confidentialite\/#breadcrumb","itemListElement":[{"@type":"ListItem","position":1,"name":"Home","item":"https:\/\/staging.artuur-watches.be\/fr\/"},{"@type":"ListItem","position":2,"name":"Politique de confidentialit\u00e9"}]},{"@type":"WebSite","@id":"https:\/\/staging.artuur-watches.be\/fr\/#website","url":"https:\/\/staging.artuur-watches.be\/fr\/","name":"Artuur Watches","description":"A new Belgian watchbrand, combining timelessness and elegance in a super-personal design.","publisher":{"@id":"https:\/\/staging.artuur-watches.be\/fr\/#organization"},"potentialAction":[{"@type":"SearchAction","target":{"@type":"EntryPoint","urlTemplate":"https:\/\/staging.artuur-watches.be\/fr\/?s={search_term_string}"},"query-input":{"@type":"PropertyValueSpecification","valueRequired":true,"valueName":"search_term_string"}}],"inLanguage":"fr-BE"},{"@type":"Organization","@id":"https:\/\/staging.artuur-watches.be\/fr\/#organization","name":"Artuur watches","url":"https:\/\/staging.artuur-watches.be\/fr\/","logo":{"@type":"ImageObject","inLanguage":"fr-BE","@id":"https:\/\/staging.artuur-watches.be\/fr\/#\/schema\/logo\/image\/","url":"https:\/\/www.artuur-watches.be\/wp-content\/uploads\/2020\/07\/Logo_Artuur-dark_Artuur.png","contentUrl":"https:\/\/www.artuur-watches.be\/wp-content\/uploads\/2020\/07\/Logo_Artuur-dark_Artuur.png","width":5316,"height":751,"caption":"Artuur watches"},"image":{"@id":"https:\/\/staging.artuur-watches.be\/fr\/#\/schema\/logo\/image\/"},"sameAs":["https:\/\/www.facebook.com\/artuurwatches\/","https:\/\/www.instagram.com\/artuurwatches\/"]}]}},"_links":{"self":[{"href":"https:\/\/staging.artuur-watches.be\/fr\/wp-json\/wp\/v2\/pages\/2619"}],"collection":[{"href":"https:\/\/staging.artuur-watches.be\/fr\/wp-json\/wp\/v2\/pages"}],"about":[{"href":"https:\/\/staging.artuur-watches.be\/fr\/wp-json\/wp\/v2\/types\/page"}],"author":[{"embeddable":true,"href":"https:\/\/staging.artuur-watches.be\/fr\/wp-json\/wp\/v2\/users\/1"}],"replies":[{"embeddable":true,"href":"https:\/\/staging.artuur-watches.be\/fr\/wp-json\/wp\/v2\/comments?post=2619"}],"version-history":[{"count":3,"href":"https:\/\/staging.artuur-watches.be\/fr\/wp-json\/wp\/v2\/pages\/2619\/revisions"}],"predecessor-version":[{"id":4325,"href":"https:\/\/staging.artuur-watches.be\/fr\/wp-json\/wp\/v2\/pages\/2619\/revisions\/4325"}],"wp:attachment":[{"href":"https:\/\/staging.artuur-watches.be\/fr\/wp-json\/wp\/v2\/media?parent=2619"}],"curies":[{"name":"wp","href":"https:\/\/api.w.org\/{rel}","templated":true}]}}