    {"id":2283,"date":"2020-09-22T07:26:20","date_gmt":"2020-09-22T07:26:20","guid":{"rendered":"https:\/\/www.artuur-watches.be\/?page_id=2283"},"modified":"2021-04-13T08:10:40","modified_gmt":"2021-04-13T08:10:40","slug":"packs","status":"publish","type":"page","link":"https:\/\/staging.artuur-watches.be\/fr\/packs\/","title":{"rendered":"Packs"},"content":{"rendered":"<p>[vc_row][vc_column width=&#8221;1\/3&#8243;][vc_column_text]<\/p>\n<p style=\"text-align: left;\">Choisi votre boitier pr\u00e9fer\u00e9 et re\u00e7ois 3 bracelets soigneusement s\u00e9lectionn\u00e9es en plus.<\/p>\n<p>[\/vc_column_text][\/vc_column][vc_column width=&#8221;1\/3&#8243;][\/vc_column][vc_column width=&#8221;1\/3&#8243;][\/vc_column][\/vc_row][vc_row][vc_column]<div class=\"woocommerce columns-4 \"><ul class=\"products hover-other_image columns-4\"><li class=\"product type-product post-2236 status-publish first instock product_cat-cedar-fr product_cat-packs has-post-thumbnail taxable shipping-taxable purchasable product-type-simple\">\n\t<div class=\"product-inner\"><div class=\"product-thumbnail product-thumbnails--hover\"><a href=\"https:\/\/staging.artuur-watches.be\/fr\/produit\/artuur-cedar-pack\/\" class=\"woocommerce-LoopProduct-link woocommerce-loop-product__link\"><img loading=\"lazy\" decoding=\"async\" width=\"650\" height=\"850\" src=\"https:\/\/staging.artuur-watches.be\/wp-content\/uploads\/2020\/09\/CEDAR-PACK-2.png\" class=\"attachment-woocommerce_thumbnail size-woocommerce_thumbnail\" alt=\"\" srcset=\"https:\/\/staging.artuur-watches.be\/wp-content\/uploads\/2020\/09\/CEDAR-PACK-2.png 650w, https:\/\/staging.artuur-watches.be\/wp-content\/uploads\/2020\/09\/CEDAR-PACK-2-229x300.png 229w\" sizes=\"(max-width: 650px) 100vw, 650px\" \/><img loading=\"lazy\" decoding=\"async\" width=\"680\" height=\"920\" src=\"https:\/\/staging.artuur-watches.be\/wp-content\/uploads\/2020\/09\/Cedar_suedecamel-680x920.png\" class=\"attachment-woocommerce_thumbnail size-woocommerce_thumbnail hover-image\" alt=\"\" \/><\/a><\/div><div class=\"product-summary\"><h2 class=\"woocommerce-loop-product__title\"><a href=\"https:\/\/staging.artuur-watches.be\/fr\/produit\/artuur-cedar-pack\/\" class=\"woocommerce-LoopProduct-link woocommerce-loop-product__link\">ARTUUR Cedar pack<\/a><\/h2>\n\t<span class=\"price\"><span class=\"woocs_price_code\" data-currency=\"\" data-redraw-id=\"69e22a5a4a18b\"  data-product-id=\"2236\"><span class=\"woocommerce-Price-amount amount\"><bdi><span class=\"woocommerce-Price-currencySymbol\">&euro;<\/span>&nbsp;249,00<\/bdi><\/span><\/span><\/span>\n<div class=\"buttons clearfix\"><a href=\"?add-to-cart=2236\" aria-describedby=\"woocommerce_loop_add_to_cart_link_describedby_2236\" data-quantity=\"1\" class=\"button product_type_simple add_to_cart_button ajax_add_to_cart woocommerce-loop-product__button\" data-product_id=\"2236\" data-product_sku=\"043-2\" aria-label=\"Add to cart: &ldquo;ARTUUR Cedar pack&rdquo;\" rel=\"nofollow\" data-success_message=\"&ldquo;ARTUUR Cedar pack&rdquo; has been added to your cart\">Ajouter au panier<\/a>\t<span id=\"woocommerce_loop_add_to_cart_link_describedby_2236\" class=\"screen-reader-text\">\n\t\t\t<\/span>\n<a href=\"\/fr\/wp-json\/wp\/v2\/pages\/2283?add_to_wishlist=2236\" data-product_id=\"2236\" data-product_type=\"simple\" class=\"button add-to-wishlist-button add-to-wishlist-2236 \" rel=\"nofollow\">\r\n\t\t\t\t<span class=\"add-to-wishlist add\">\r\n\t\t\t\t\t<span class=\"svg-icon icon-heart-o size-normal \"><svg role=\"img\"> <use href=\"#heart-o\" xlink:href=\"#heart-o\"><\/use> <\/svg><\/span>\r\n\t\t\t\t\t<span class=\"screen-reader-text button-text\">Add to wishlist<\/span>\r\n\t\t\t\t<\/span>\r\n\t\t\t\t<span class=\"adding-to-wishlist adding\">\r\n\t\t\t\t\t<span class=\"spinner\"><\/span>\r\n\t\t\t\t\t<span class=\"screen-reader-text button-text\">Adding to wishlist<\/span>\r\n\t\t\t\t<\/span>\r\n\t\t\t\t<span class=\"brow-wishlist added\">\r\n\t\t\t\t\t<span class=\"svg-icon icon-heart size-normal \"><svg role=\"img\"> <use href=\"#heart\" xlink:href=\"#heart\"><\/use> <\/svg><\/span>\r\n\t\t\t\t\t<span class=\"screen-reader-text button-text\">Added to wishlist<\/span>\r\n\t\t\t\t<\/span>\r\n\t\t\t<\/a><\/div><\/div><\/div><\/li>\n<li class=\"product type-product post-2255 status-publish instock product_cat-granite-fr product_cat-packs has-post-thumbnail taxable shipping-taxable purchasable product-type-simple\">\n\t<div class=\"product-inner\"><div class=\"product-thumbnail product-thumbnails--hover\"><a href=\"https:\/\/staging.artuur-watches.be\/fr\/produit\/artuur-granite-pack\/\" class=\"woocommerce-LoopProduct-link woocommerce-loop-product__link\"><img loading=\"lazy\" decoding=\"async\" width=\"650\" height=\"850\" src=\"https:\/\/staging.artuur-watches.be\/wp-content\/uploads\/2020\/09\/GRANITE-PACK-2.png\" class=\"attachment-woocommerce_thumbnail size-woocommerce_thumbnail\" alt=\"\" srcset=\"https:\/\/staging.artuur-watches.be\/wp-content\/uploads\/2020\/09\/GRANITE-PACK-2.png 650w, https:\/\/staging.artuur-watches.be\/wp-content\/uploads\/2020\/09\/GRANITE-PACK-2-229x300.png 229w\" sizes=\"(max-width: 650px) 100vw, 650px\" \/><img loading=\"lazy\" decoding=\"async\" width=\"680\" height=\"920\" src=\"https:\/\/staging.artuur-watches.be\/wp-content\/uploads\/2020\/09\/Granite3-min-680x920.png\" class=\"attachment-woocommerce_thumbnail size-woocommerce_thumbnail hover-image\" alt=\"\" \/><\/a><\/div><div class=\"product-summary\"><h2 class=\"woocommerce-loop-product__title\"><a href=\"https:\/\/staging.artuur-watches.be\/fr\/produit\/artuur-granite-pack\/\" class=\"woocommerce-LoopProduct-link woocommerce-loop-product__link\">ARTUUR Granite pack<\/a><\/h2>\n\t<span class=\"price\"><span class=\"woocs_price_code\" data-currency=\"\" data-redraw-id=\"69e22a5a4ba87\"  data-product-id=\"2255\"><span class=\"woocommerce-Price-amount amount\"><bdi><span class=\"woocommerce-Price-currencySymbol\">&euro;<\/span>&nbsp;249,00<\/bdi><\/span><\/span><\/span>\n<div class=\"buttons clearfix\"><a href=\"?add-to-cart=2255\" aria-describedby=\"woocommerce_loop_add_to_cart_link_describedby_2255\" data-quantity=\"1\" class=\"button product_type_simple add_to_cart_button ajax_add_to_cart woocommerce-loop-product__button\" data-product_id=\"2255\" data-product_sku=\"043-2-1\" aria-label=\"Add to cart: &ldquo;ARTUUR Granite pack&rdquo;\" rel=\"nofollow\" data-success_message=\"&ldquo;ARTUUR Granite pack&rdquo; has been added to your cart\">Ajouter au panier<\/a>\t<span id=\"woocommerce_loop_add_to_cart_link_describedby_2255\" class=\"screen-reader-text\">\n\t\t\t<\/span>\n<a href=\"\/fr\/wp-json\/wp\/v2\/pages\/2283?add_to_wishlist=2255\" data-product_id=\"2255\" data-product_type=\"simple\" class=\"button add-to-wishlist-button add-to-wishlist-2255 \" rel=\"nofollow\">\r\n\t\t\t\t<span class=\"add-to-wishlist add\">\r\n\t\t\t\t\t<span class=\"svg-icon icon-heart-o size-normal \"><svg role=\"img\"> <use href=\"#heart-o\" xlink:href=\"#heart-o\"><\/use> <\/svg><\/span>\r\n\t\t\t\t\t<span class=\"screen-reader-text button-text\">Add to wishlist<\/span>\r\n\t\t\t\t<\/span>\r\n\t\t\t\t<span class=\"adding-to-wishlist adding\">\r\n\t\t\t\t\t<span class=\"spinner\"><\/span>\r\n\t\t\t\t\t<span class=\"screen-reader-text button-text\">Adding to wishlist<\/span>\r\n\t\t\t\t<\/span>\r\n\t\t\t\t<span class=\"brow-wishlist added\">\r\n\t\t\t\t\t<span class=\"svg-icon icon-heart size-normal \"><svg role=\"img\"> <use href=\"#heart\" xlink:href=\"#heart\"><\/use> <\/svg><\/span>\r\n\t\t\t\t\t<span class=\"screen-reader-text button-text\">Added to wishlist<\/span>\r\n\t\t\t\t<\/span>\r\n\t\t\t<\/a><\/div><\/div><\/div><\/li>\n<li class=\"product type-product post-2258 status-publish instock product_cat-onyx-fr product_cat-packs has-post-thumbnail featured taxable shipping-taxable purchasable product-type-simple\">\n\t<div class=\"product-inner\"><div class=\"product-thumbnail product-thumbnails--hover\"><a href=\"https:\/\/staging.artuur-watches.be\/fr\/produit\/artuur-onyx-pack\/\" class=\"woocommerce-LoopProduct-link woocommerce-loop-product__link\"><img loading=\"lazy\" decoding=\"async\" width=\"650\" height=\"850\" src=\"https:\/\/staging.artuur-watches.be\/wp-content\/uploads\/2020\/09\/ONYX-PACK-2.png\" class=\"attachment-woocommerce_thumbnail size-woocommerce_thumbnail\" alt=\"\" srcset=\"https:\/\/staging.artuur-watches.be\/wp-content\/uploads\/2020\/09\/ONYX-PACK-2.png 650w, https:\/\/staging.artuur-watches.be\/wp-content\/uploads\/2020\/09\/ONYX-PACK-2-229x300.png 229w\" sizes=\"(max-width: 650px) 100vw, 650px\" \/><img loading=\"lazy\" decoding=\"async\" width=\"680\" height=\"920\" src=\"https:\/\/staging.artuur-watches.be\/wp-content\/uploads\/2020\/09\/Onyx2-min-680x920.png\" class=\"attachment-woocommerce_thumbnail size-woocommerce_thumbnail hover-image\" alt=\"\" \/><\/a><\/div><div class=\"product-summary\"><h2 class=\"woocommerce-loop-product__title\"><a href=\"https:\/\/staging.artuur-watches.be\/fr\/produit\/artuur-onyx-pack\/\" class=\"woocommerce-LoopProduct-link woocommerce-loop-product__link\">ARTUUR Onyx pack<\/a><\/h2>\n\t<span class=\"price\"><span class=\"woocs_price_code\" data-currency=\"\" data-redraw-id=\"69e22a5a4cfef\"  data-product-id=\"2258\"><span class=\"woocommerce-Price-amount amount\"><bdi><span class=\"woocommerce-Price-currencySymbol\">&euro;<\/span>&nbsp;249,00<\/bdi><\/span><\/span><\/span>\n<div class=\"buttons clearfix\"><a href=\"?add-to-cart=2258\" aria-describedby=\"woocommerce_loop_add_to_cart_link_describedby_2258\" data-quantity=\"1\" class=\"button product_type_simple add_to_cart_button ajax_add_to_cart woocommerce-loop-product__button\" data-product_id=\"2258\" data-product_sku=\"043-2-1-1\" aria-label=\"Add to cart: &ldquo;ARTUUR Onyx pack&rdquo;\" rel=\"nofollow\" data-success_message=\"&ldquo;ARTUUR Onyx pack&rdquo; has been added to your cart\">Ajouter au panier<\/a>\t<span id=\"woocommerce_loop_add_to_cart_link_describedby_2258\" class=\"screen-reader-text\">\n\t\t\t<\/span>\n<a href=\"\/fr\/wp-json\/wp\/v2\/pages\/2283?add_to_wishlist=2258\" data-product_id=\"2258\" data-product_type=\"simple\" class=\"button add-to-wishlist-button add-to-wishlist-2258 \" rel=\"nofollow\">\r\n\t\t\t\t<span class=\"add-to-wishlist add\">\r\n\t\t\t\t\t<span class=\"svg-icon icon-heart-o size-normal \"><svg role=\"img\"> <use href=\"#heart-o\" xlink:href=\"#heart-o\"><\/use> <\/svg><\/span>\r\n\t\t\t\t\t<span class=\"screen-reader-text button-text\">Add to wishlist<\/span>\r\n\t\t\t\t<\/span>\r\n\t\t\t\t<span class=\"adding-to-wishlist adding\">\r\n\t\t\t\t\t<span class=\"spinner\"><\/span>\r\n\t\t\t\t\t<span class=\"screen-reader-text button-text\">Adding to wishlist<\/span>\r\n\t\t\t\t<\/span>\r\n\t\t\t\t<span class=\"brow-wishlist added\">\r\n\t\t\t\t\t<span class=\"svg-icon icon-heart size-normal \"><svg role=\"img\"> <use href=\"#heart\" xlink:href=\"#heart\"><\/use> <\/svg><\/span>\r\n\t\t\t\t\t<span class=\"screen-reader-text button-text\">Added to wishlist<\/span>\r\n\t\t\t\t<\/span>\r\n\t\t\t<\/a><\/div><\/div><\/div><\/li>\n<li class=\"product type-product post-4158 status-publish last instock product_cat-packs product_cat-rose-gold-fr has-post-thumbnail taxable shipping-taxable purchasable product-type-simple\">\n\t<div class=\"product-inner\"><div class=\"product-thumbnail product-thumbnails--hover\"><a href=\"https:\/\/staging.artuur-watches.be\/fr\/produit\/artuur-rosegoldpack\/\" class=\"woocommerce-LoopProduct-link woocommerce-loop-product__link\"><img loading=\"lazy\" decoding=\"async\" width=\"650\" height=\"850\" src=\"https:\/\/staging.artuur-watches.be\/wp-content\/uploads\/2021\/01\/pack-artuur-rose-gold.png\" class=\"attachment-woocommerce_thumbnail size-woocommerce_thumbnail\" alt=\"\" srcset=\"https:\/\/staging.artuur-watches.be\/wp-content\/uploads\/2021\/01\/pack-artuur-rose-gold.png 650w, https:\/\/staging.artuur-watches.be\/wp-content\/uploads\/2021\/01\/pack-artuur-rose-gold-229x300.png 229w, https:\/\/staging.artuur-watches.be\/wp-content\/uploads\/2021\/01\/pack-artuur-rose-gold-100x131.png 100w\" sizes=\"(max-width: 650px) 100vw, 650px\" \/><img loading=\"lazy\" decoding=\"async\" width=\"680\" height=\"920\" src=\"https:\/\/staging.artuur-watches.be\/wp-content\/uploads\/2021\/01\/E-Mesh-RG-min-680x920.png\" class=\"attachment-woocommerce_thumbnail size-woocommerce_thumbnail hover-image\" alt=\"\" \/><\/a><\/div><div class=\"product-summary\"><h2 class=\"woocommerce-loop-product__title\"><a href=\"https:\/\/staging.artuur-watches.be\/fr\/produit\/artuur-rosegoldpack\/\" class=\"woocommerce-LoopProduct-link woocommerce-loop-product__link\">ARTUUR Rose Gold pack<\/a><\/h2>\n\t<span class=\"price\"><span class=\"woocs_price_code\" data-currency=\"\" data-redraw-id=\"69e22a5a4e481\"  data-product-id=\"4158\"><span class=\"woocommerce-Price-amount amount\"><bdi><span class=\"woocommerce-Price-currencySymbol\">&euro;<\/span>&nbsp;169,00<\/bdi><\/span><\/span><\/span>\n<div class=\"buttons clearfix\"><a href=\"?add-to-cart=4158\" aria-describedby=\"woocommerce_loop_add_to_cart_link_describedby_4158\" data-quantity=\"1\" class=\"button product_type_simple add_to_cart_button ajax_add_to_cart woocommerce-loop-product__button\" data-product_id=\"4158\" data-product_sku=\"043-2-1-1-1\" aria-label=\"Add to cart: &ldquo;ARTUUR Rose Gold pack&rdquo;\" rel=\"nofollow\" data-success_message=\"&ldquo;ARTUUR Rose Gold pack&rdquo; has been added to your cart\">Ajouter au panier<\/a>\t<span id=\"woocommerce_loop_add_to_cart_link_describedby_4158\" class=\"screen-reader-text\">\n\t\t\t<\/span>\n<a href=\"\/fr\/wp-json\/wp\/v2\/pages\/2283?add_to_wishlist=4158\" data-product_id=\"4158\" data-product_type=\"simple\" class=\"button add-to-wishlist-button add-to-wishlist-4158 \" rel=\"nofollow\">\r\n\t\t\t\t<span class=\"add-to-wishlist add\">\r\n\t\t\t\t\t<span class=\"svg-icon icon-heart-o size-normal \"><svg role=\"img\"> <use href=\"#heart-o\" xlink:href=\"#heart-o\"><\/use> <\/svg><\/span>\r\n\t\t\t\t\t<span class=\"screen-reader-text button-text\">Add to wishlist<\/span>\r\n\t\t\t\t<\/span>\r\n\t\t\t\t<span class=\"adding-to-wishlist adding\">\r\n\t\t\t\t\t<span class=\"spinner\"><\/span>\r\n\t\t\t\t\t<span class=\"screen-reader-text button-text\">Adding to wishlist<\/span>\r\n\t\t\t\t<\/span>\r\n\t\t\t\t<span class=\"brow-wishlist added\">\r\n\t\t\t\t\t<span class=\"svg-icon icon-heart size-normal \"><svg role=\"img\"> <use href=\"#heart\" xlink:href=\"#heart\"><\/use> <\/svg><\/span>\r\n\t\t\t\t\t<span class=\"screen-reader-text button-text\">Added to wishlist<\/span>\r\n\t\t\t\t<\/span>\r\n\t\t\t<\/a><\/div><\/div><\/div><\/li>\n<li class=\"product type-product post-2261 status-publish first instock product_cat-packs product_cat-sterling-fr has-post-thumbnail taxable shipping-taxable purchasable product-type-simple\">\n\t<div class=\"product-inner\"><div class=\"product-thumbnail product-thumbnails--hover\"><a href=\"https:\/\/staging.artuur-watches.be\/fr\/produit\/artuur-sterling-pack\/\" class=\"woocommerce-LoopProduct-link woocommerce-loop-product__link\"><img loading=\"lazy\" decoding=\"async\" width=\"650\" height=\"850\" src=\"https:\/\/staging.artuur-watches.be\/wp-content\/uploads\/2020\/09\/STERLING-PACK-2.png\" class=\"attachment-woocommerce_thumbnail size-woocommerce_thumbnail\" alt=\"\" srcset=\"https:\/\/staging.artuur-watches.be\/wp-content\/uploads\/2020\/09\/STERLING-PACK-2.png 650w, https:\/\/staging.artuur-watches.be\/wp-content\/uploads\/2020\/09\/STERLING-PACK-2-229x300.png 229w\" sizes=\"(max-width: 650px) 100vw, 650px\" \/><img loading=\"lazy\" decoding=\"async\" width=\"680\" height=\"920\" src=\"https:\/\/staging.artuur-watches.be\/wp-content\/uploads\/2020\/09\/Sterling3-min2-680x920.png\" class=\"attachment-woocommerce_thumbnail size-woocommerce_thumbnail hover-image\" alt=\"\" \/><\/a><\/div><div class=\"product-summary\"><h2 class=\"woocommerce-loop-product__title\"><a href=\"https:\/\/staging.artuur-watches.be\/fr\/produit\/artuur-sterling-pack\/\" class=\"woocommerce-LoopProduct-link woocommerce-loop-product__link\">ARTUUR Sterling pack<\/a><\/h2>\n\t<span class=\"price\"><span class=\"woocs_price_code\" data-currency=\"\" data-redraw-id=\"69e22a5a4f9e0\"  data-product-id=\"2261\"><span class=\"woocommerce-Price-amount amount\"><bdi><span class=\"woocommerce-Price-currencySymbol\">&euro;<\/span>&nbsp;169,00<\/bdi><\/span><\/span><\/span>\n<div class=\"buttons clearfix\"><a href=\"?add-to-cart=2261\" aria-describedby=\"woocommerce_loop_add_to_cart_link_describedby_2261\" data-quantity=\"1\" class=\"button product_type_simple add_to_cart_button ajax_add_to_cart woocommerce-loop-product__button\" data-product_id=\"2261\" data-product_sku=\"043-2-1-1-1\" aria-label=\"Add to cart: &ldquo;ARTUUR Sterling pack&rdquo;\" rel=\"nofollow\" data-success_message=\"&ldquo;ARTUUR Sterling pack&rdquo; has been added to your cart\">Ajouter au panier<\/a>\t<span id=\"woocommerce_loop_add_to_cart_link_describedby_2261\" class=\"screen-reader-text\">\n\t\t\t<\/span>\n<a href=\"\/fr\/wp-json\/wp\/v2\/pages\/2283?add_to_wishlist=2261\" data-product_id=\"2261\" data-product_type=\"simple\" class=\"button add-to-wishlist-button add-to-wishlist-2261 \" rel=\"nofollow\">\r\n\t\t\t\t<span class=\"add-to-wishlist add\">\r\n\t\t\t\t\t<span class=\"svg-icon icon-heart-o size-normal \"><svg role=\"img\"> <use href=\"#heart-o\" xlink:href=\"#heart-o\"><\/use> <\/svg><\/span>\r\n\t\t\t\t\t<span class=\"screen-reader-text button-text\">Add to wishlist<\/span>\r\n\t\t\t\t<\/span>\r\n\t\t\t\t<span class=\"adding-to-wishlist adding\">\r\n\t\t\t\t\t<span class=\"spinner\"><\/span>\r\n\t\t\t\t\t<span class=\"screen-reader-text button-text\">Adding to wishlist<\/span>\r\n\t\t\t\t<\/span>\r\n\t\t\t\t<span class=\"brow-wishlist added\">\r\n\t\t\t\t\t<span class=\"svg-icon icon-heart size-normal \"><svg role=\"img\"> <use href=\"#heart\" xlink:href=\"#heart\"><\/use> <\/svg><\/span>\r\n\t\t\t\t\t<span class=\"screen-reader-text button-text\">Added to wishlist<\/span>\r\n\t\t\t\t<\/span>\r\n\t\t\t<\/a><\/div><\/div><\/div><\/li>\n<\/ul><\/div>[\/vc_column][\/vc_row]<\/p>\n","protected":false},"excerpt":{"rendered":"<p>[vc_row][vc_column width=&#8221;1\/3&#8243;][vc_column_text] Choisi votre boitier pr\u00e9fer\u00e9 et re\u00e7ois 3 bracelets soigneusement s\u00e9lectionn\u00e9es en plus. [\/vc_column_text][\/vc_column][vc_column width=&#8221;1\/3&#8243;][\/vc_column][vc_column width=&#8221;1\/3&#8243;][\/vc_column][\/vc_row][vc_row][vc_column][\/vc_column][\/vc_row]<\/p>\n","protected":false},"author":1,"featured_media":0,"parent":0,"menu_order":19,"comment_status":"closed","ping_status":"closed","template":"","meta":{"inline_featured_image":false,"_joinchat":[],"footnotes":""},"class_list":["post-2283","page","type-page","status-publish","hentry"],"yoast_head":"<!-- This site is optimized with the Yoast SEO plugin v23.5 - https:\/\/yoast.com\/wordpress\/plugins\/seo\/ -->\n<title>Optez pour un Artuur Pack et combinez \u00e0 l&#039;infini - Artuur Watches<\/title>\n<meta name=\"description\" content=\"Choisissez votre bo\u00eetier de montre pr\u00e9f\u00e9r\u00e9 et vous recevrez 3 bracelets soigneusement s\u00e9lectionn\u00e9s.\" \/>\n<meta name=\"robots\" content=\"noindex, follow, max-snippet:-1, max-image-preview:large, max-video-preview:-1\" \/>\n<meta property=\"og:locale\" content=\"fr_FR\" \/>\n<meta property=\"og:type\" content=\"article\" \/>\n<meta property=\"og:title\" content=\"Optez pour un Artuur Pack et combinez \u00e0 l&#039;infini - Artuur Watches\" \/>\n<meta property=\"og:description\" content=\"Choisissez votre bo\u00eetier de montre pr\u00e9f\u00e9r\u00e9 et vous recevrez 3 bracelets soigneusement s\u00e9lectionn\u00e9s.\" \/>\n<meta property=\"og:url\" content=\"https:\/\/staging.artuur-watches.be\/fr\/packs\/\" \/>\n<meta property=\"og:site_name\" content=\"Artuur Watches\" \/>\n<meta property=\"article:publisher\" content=\"https:\/\/www.facebook.com\/artuurwatches\/\" \/>\n<meta property=\"article:modified_time\" content=\"2021-04-13T08:10:40+00:00\" \/>\n<meta name=\"twitter:card\" content=\"summary_large_image\" \/>\n<script type=\"application\/ld+json\" class=\"yoast-schema-graph\">{\"@context\":\"https:\/\/schema.org\",\"@graph\":[{\"@type\":\"WebPage\",\"@id\":\"https:\/\/staging.artuur-watches.be\/fr\/packs\/\",\"url\":\"https:\/\/staging.artuur-watches.be\/fr\/packs\/\",\"name\":\"Optez pour un Artuur Pack et combinez \u00e0 l'infini - Artuur Watches\",\"isPartOf\":{\"@id\":\"https:\/\/staging.artuur-watches.be\/fr\/#website\"},\"datePublished\":\"2020-09-22T07:26:20+00:00\",\"dateModified\":\"2021-04-13T08:10:40+00:00\",\"description\":\"Choisissez votre bo\u00eetier de montre pr\u00e9f\u00e9r\u00e9 et vous recevrez 3 bracelets soigneusement s\u00e9lectionn\u00e9s.\",\"breadcrumb\":{\"@id\":\"https:\/\/staging.artuur-watches.be\/fr\/packs\/#breadcrumb\"},\"inLanguage\":\"fr-BE\",\"potentialAction\":[{\"@type\":\"ReadAction\",\"target\":[\"https:\/\/staging.artuur-watches.be\/fr\/packs\/\"]}]},{\"@type\":\"BreadcrumbList\",\"@id\":\"https:\/\/staging.artuur-watches.be\/fr\/packs\/#breadcrumb\",\"itemListElement\":[{\"@type\":\"ListItem\",\"position\":1,\"name\":\"Home\",\"item\":\"https:\/\/staging.artuur-watches.be\/fr\/\"},{\"@type\":\"ListItem\",\"position\":2,\"name\":\"Packs\"}]},{\"@type\":\"WebSite\",\"@id\":\"https:\/\/staging.artuur-watches.be\/fr\/#website\",\"url\":\"https:\/\/staging.artuur-watches.be\/fr\/\",\"name\":\"Artuur Watches\",\"description\":\"A new Belgian watchbrand, combining timelessness and elegance in a super-personal design.\",\"publisher\":{\"@id\":\"https:\/\/staging.artuur-watches.be\/fr\/#organization\"},\"potentialAction\":[{\"@type\":\"SearchAction\",\"target\":{\"@type\":\"EntryPoint\",\"urlTemplate\":\"https:\/\/staging.artuur-watches.be\/fr\/?s={search_term_string}\"},\"query-input\":{\"@type\":\"PropertyValueSpecification\",\"valueRequired\":true,\"valueName\":\"search_term_string\"}}],\"inLanguage\":\"fr-BE\"},{\"@type\":\"Organization\",\"@id\":\"https:\/\/staging.artuur-watches.be\/fr\/#organization\",\"name\":\"Artuur watches\",\"url\":\"https:\/\/staging.artuur-watches.be\/fr\/\",\"logo\":{\"@type\":\"ImageObject\",\"inLanguage\":\"fr-BE\",\"@id\":\"https:\/\/staging.artuur-watches.be\/fr\/#\/schema\/logo\/image\/\",\"url\":\"https:\/\/www.artuur-watches.be\/wp-content\/uploads\/2020\/07\/Logo_Artuur-dark_Artuur.png\",\"contentUrl\":\"https:\/\/www.artuur-watches.be\/wp-content\/uploads\/2020\/07\/Logo_Artuur-dark_Artuur.png\",\"width\":5316,\"height\":751,\"caption\":\"Artuur watches\"},\"image\":{\"@id\":\"https:\/\/staging.artuur-watches.be\/fr\/#\/schema\/logo\/image\/\"},\"sameAs\":[\"https:\/\/www.facebook.com\/artuurwatches\/\",\"https:\/\/www.instagram.com\/artuurwatches\/\"]}]}<\/script>\n<!-- \/ Yoast SEO plugin. -->","yoast_head_json":{"title":"Optez pour un Artuur Pack et combinez \u00e0 l'infini - Artuur Watches","description":"Choisissez votre bo\u00eetier de montre pr\u00e9f\u00e9r\u00e9 et vous recevrez 3 bracelets soigneusement s\u00e9lectionn\u00e9s.","robots":{"index":"noindex","follow":"follow","max-snippet":"max-snippet:-1","max-image-preview":"max-image-preview:large","max-video-preview":"max-video-preview:-1"},"og_locale":"fr_FR","og_type":"article","og_title":"Optez pour un Artuur Pack et combinez \u00e0 l'infini - Artuur Watches","og_description":"Choisissez votre bo\u00eetier de montre pr\u00e9f\u00e9r\u00e9 et vous recevrez 3 bracelets soigneusement s\u00e9lectionn\u00e9s.","og_url":"https:\/\/staging.artuur-watches.be\/fr\/packs\/","og_site_name":"Artuur Watches","article_publisher":"https:\/\/www.facebook.com\/artuurwatches\/","article_modified_time":"2021-04-13T08:10:40+00:00","twitter_card":"summary_large_image","schema":{"@context":"https:\/\/schema.org","@graph":[{"@type":"WebPage","@id":"https:\/\/staging.artuur-watches.be\/fr\/packs\/","url":"https:\/\/staging.artuur-watches.be\/fr\/packs\/","name":"Optez pour un Artuur Pack et combinez \u00e0 l'infini - Artuur Watches","isPartOf":{"@id":"https:\/\/staging.artuur-watches.be\/fr\/#website"},"datePublished":"2020-09-22T07:26:20+00:00","dateModified":"2021-04-13T08:10:40+00:00","description":"Choisissez votre bo\u00eetier de montre pr\u00e9f\u00e9r\u00e9 et vous recevrez 3 bracelets soigneusement s\u00e9lectionn\u00e9s.","breadcrumb":{"@id":"https:\/\/staging.artuur-watches.be\/fr\/packs\/#breadcrumb"},"inLanguage":"fr-BE","potentialAction":[{"@type":"ReadAction","target":["https:\/\/staging.artuur-watches.be\/fr\/packs\/"]}]},{"@type":"BreadcrumbList","@id":"https:\/\/staging.artuur-watches.be\/fr\/packs\/#breadcrumb","itemListElement":[{"@type":"ListItem","position":1,"name":"Home","item":"https:\/\/staging.artuur-watches.be\/fr\/"},{"@type":"ListItem","position":2,"name":"Packs"}]},{"@type":"WebSite","@id":"https:\/\/staging.artuur-watches.be\/fr\/#website","url":"https:\/\/staging.artuur-watches.be\/fr\/","name":"Artuur Watches","description":"A new Belgian watchbrand, combining timelessness and elegance in a super-personal design.","publisher":{"@id":"https:\/\/staging.artuur-watches.be\/fr\/#organization"},"potentialAction":[{"@type":"SearchAction","target":{"@type":"EntryPoint","urlTemplate":"https:\/\/staging.artuur-watches.be\/fr\/?s={search_term_string}"},"query-input":{"@type":"PropertyValueSpecification","valueRequired":true,"valueName":"search_term_string"}}],"inLanguage":"fr-BE"},{"@type":"Organization","@id":"https:\/\/staging.artuur-watches.be\/fr\/#organization","name":"Artuur watches","url":"https:\/\/staging.artuur-watches.be\/fr\/","logo":{"@type":"ImageObject","inLanguage":"fr-BE","@id":"https:\/\/staging.artuur-watches.be\/fr\/#\/schema\/logo\/image\/","url":"https:\/\/www.artuur-watches.be\/wp-content\/uploads\/2020\/07\/Logo_Artuur-dark_Artuur.png","contentUrl":"https:\/\/www.artuur-watches.be\/wp-content\/uploads\/2020\/07\/Logo_Artuur-dark_Artuur.png","width":5316,"height":751,"caption":"Artuur watches"},"image":{"@id":"https:\/\/staging.artuur-watches.be\/fr\/#\/schema\/logo\/image\/"},"sameAs":["https:\/\/www.facebook.com\/artuurwatches\/","https:\/\/www.instagram.com\/artuurwatches\/"]}]}},"_links":{"self":[{"href":"https:\/\/staging.artuur-watches.be\/fr\/wp-json\/wp\/v2\/pages\/2283"}],"collection":[{"href":"https:\/\/staging.artuur-watches.be\/fr\/wp-json\/wp\/v2\/pages"}],"about":[{"href":"https:\/\/staging.artuur-watches.be\/fr\/wp-json\/wp\/v2\/types\/page"}],"author":[{"embeddable":true,"href":"https:\/\/staging.artuur-watches.be\/fr\/wp-json\/wp\/v2\/users\/1"}],"replies":[{"embeddable":true,"href":"https:\/\/staging.artuur-watches.be\/fr\/wp-json\/wp\/v2\/comments?post=2283"}],"version-history":[{"count":5,"href":"https:\/\/staging.artuur-watches.be\/fr\/wp-json\/wp\/v2\/pages\/2283\/revisions"}],"predecessor-version":[{"id":4319,"href":"https:\/\/staging.artuur-watches.be\/fr\/wp-json\/wp\/v2\/pages\/2283\/revisions\/4319"}],"wp:attachment":[{"href":"https:\/\/staging.artuur-watches.be\/fr\/wp-json\/wp\/v2\/media?parent=2283"}],"curies":[{"name":"wp","href":"https:\/\/api.w.org\/{rel}","templated":true}]}}