    {"id":2264,"date":"2020-09-21T15:10:43","date_gmt":"2020-09-21T15:10:43","guid":{"rendered":"https:\/\/www.artuur-watches.be\/?page_id=2264"},"modified":"2021-04-15T15:38:24","modified_gmt":"2021-04-15T15:38:24","slug":"conditions-generales","status":"publish","type":"page","link":"https:\/\/staging.artuur-watches.be\/fr\/conditions-generales\/","title":{"rendered":"Conditions g\u00e9n\u00e9rales"},"content":{"rendered":"<p>ART. 1: PRIX<br \/>\nTous les prix sont affich\u00e9s en EUR (la livraison est gratuite pour toutes les commandes). ARTUUR se r\u00e9serve le droit de modifier ses prix \u00e0 tout moment et les produits sont livr\u00e9s sous r\u00e9serve de leur disponibilit\u00e9, y compris apr\u00e8s que la commande a \u00e9t\u00e9 pass\u00e9e. Des frais suppl\u00e9mentaires de douanes et d\u2019importation ainsi que des taxes peuvent s\u2019appliquer aux commandes exp\u00e9di\u00e9es en\u00a0dehors de la Belgique.<\/p>\n<p>ART. 2: MODALIT\u00c9S DE PAIEMENT<br \/>\nNous acceptons les cartes VISA, PAYPAL et MasterCard. Si vous payez avec une carte, vous devrez entrer le num\u00e9ro de la carte, la date d&#8217;expiration et le code CVC. Nous utilisons une norme de s\u00e9curit\u00e9. Une fois la transaction termin\u00e9e, nous ne conservons plus les num\u00e9ros de carte. Les paiements sont trait\u00e9s via le syst\u00e8me s\u00e9curis\u00e9 de Mollie. Le paiement en ligne se fait via un syst\u00e8me de s\u00e9curit\u00e9 ferm\u00e9, avec lequel vos coordonn\u00e9es bancaires sont toujours crypt\u00e9es lorsqu&#8217;elles sont envoy\u00e9es sur Internet. Cela minimise la possibilit\u00e9 de perte ou de vol de votre identit\u00e9 ou des informations de votre carte de cr\u00e9dit. Avec cela, nous pensons que toutes les pr\u00e9cautions possibles et pertinentes ont \u00e9t\u00e9 prises. ARTUUR agit comme un interm\u00e9diaire en ligne normal, tourn\u00e9 vers l&#8217;avenir et prudent. Un \u00e9ventuel vol d&#8217;identit\u00e9 ou vol financier ne peut donc pas \u00eatre invoqu\u00e9 contre ARTUUR.<\/p>\n<p>ART. 3: DROIT DE RETOUR ET D\u2019\u00c9CHANGE<br \/>\nPour les commandes pass\u00e9es sur la boutique officielle ARTUUR, les retours sont possibles dans les 8\u00a0jours \u00e0 partir de la r\u00e9ception du colis. Veuillez contacter le service client\u00e8le ou retourner le produit \u00e0<\/p>\n<p>&nbsp;<\/p>\n<p>ShopWeDo cvba<\/p>\n<p>Egide Walschaertsstraat 22A<br \/>\n2800 Mechelen \u2013 Belgium<\/p>\n<p>&nbsp;<\/p>\n<p>Les retours sont aux frais du client. Nous recommandons vivement de renvoyer votre colis avec un num\u00e9ro de tra\u00e7age afin de pouvoir le localiser pr\u00e9cis\u00e9ment. Vous recevrez un e-mail de confirmation de notre service client\u00e8le d\u00e8s que nous aurons re\u00e7u votre colis. Dans l\u2019\u00e9ventualit\u00e9 peu probable o\u00f9 le produit est livr\u00e9 d\u00e9fectueux ou avec un d\u00e9faut de production, un produit de remplacement sera envoy\u00e9. ARTUUR vous remboursera les frais de retour sur pr\u00e9sentation d\u2019un re\u00e7u postal et prendra \u00e9galement en charge les frais d\u2019envoi du produit de remplacement.<\/p>\n<p>&nbsp;<\/p>\n<p>Les retours ne sont pas accept\u00e9s dans les cas suivants\u00a0:<br \/>\n&#8211; usure naturelle<br \/>\n&#8211; cristal cass\u00e9<br \/>\n&#8211; griffures sur le bo\u00eetier ou le cristal<br \/>\n&#8211; bracelets sales ou us\u00e9s<br \/>\n&#8211; pile plate<br \/>\n&#8211; d\u00e9g\u00e2ts r\u00e9sultant d\u2019une mauvaise manipulation, d\u2019un manque de soin, d\u2019une immersion pendant la nage ou sous la douche, d\u2019accidents ou d\u2019une usure normale.<\/p>\n<p>&nbsp;<\/p>\n<p>LES MONTRES ARTUUR R\u00c9SISTENT \u00c0 L\u2019EAU MAIS NE SONT PAS IMPERM\u00c9ABLES\u00a0!<\/p>\n<p>Veuillez contacter notre service client\u00e8le pour plus d\u2019informations au sujet de la garantie.<\/p>\n<p>&nbsp;<\/p>\n<p>ATTENTION<\/p>\n<p>Les cartes cadeau ne seront ni rembours\u00e9es ni retourn\u00e9es.<\/p>\n<p>ART. 4: R\u00c9CLAMATIONS SOUS GARANTIE<br \/>\nTous les produits ARTUUR sont couverts par une garantie de 1\u00a0an. La garantie couvre les d\u00e9fauts de production mais pas l\u2019usure normale.<br \/>\nVeuillez contacter notre service client\u00e8le pour plus d\u2019informations.<\/p>\n<p>ART. 5: ENVOI<strong><br \/>\n<\/strong>Tous les colis sont pourvus d\u2019un num\u00e9ro de tra\u00e7age. Vous recevrez le num\u00e9ro de tra\u00e7age d\u00e8s que le colis aura quitt\u00e9 notre entrep\u00f4t.<\/p>\n<p>Les commandes pass\u00e9es du lundi au vendredi avant 22h (CET) sont trait\u00e9es le jour m\u00eame et livr\u00e9s le jour ouvrable suivant \u00e0 Belgique et dans deux jours aux Pays-bas et Luxembourg.<br \/>\nLes commandes pass\u00e9es les samedis, dimanches ou jours f\u00e9ri\u00e9s publics sont trait\u00e9es le premier jour ouvrable suivant. L\u2019heure et la date de livraison sont estim\u00e9s lorsque le colis quitte notre entrep\u00f4t. ARTUUR offre les frais de livraison en\u00a0Belgique. Les commandes sont exp\u00e9di\u00e9es depuis la Belgique. ARTUUR n\u2019est pas responsable des frais\/taxes qui pourraient s\u2019appliquer au colis. Les frais suppl\u00e9mentaires de droits de douane sont \u00e0 charge du client. La politique de douane variant selon le pays (en\u00a0dehors de l\u2019Europe), nous vous conseillons de vous renseigner sur les tarifs douaniers aupr\u00e8s de votre bureau de douanes r\u00e9gional.<\/p>\n<p>&nbsp;<\/p>\n<p>ART. 6: DISPONIBILIT\u00c9<strong><br \/>\n<\/strong>Nos produits sont livr\u00e9s dans la limite des stocks disponibles. Il peut falloir jusqu\u2019\u00e0 4 semaines pour qu\u2019un produit indisponible soit \u00e0 nouveau en stock.<\/p>\n<p>&nbsp;<\/p>\n<p>ART. 7: POLITIQUE DE CONDIFENTIALIT\u00c9<strong><br \/>\n<\/strong>ARTUUR traite vos donn\u00e9es personnelles avec la plus grande discr\u00e9tion conform\u00e9ment \u00e0 la loi belge du 8\u00a0d\u00e9cembre\u00a01992 relative \u00e0 la protection de la vie priv\u00e9e \u00e0 l&#8217;\u00e9gard des traitements de donn\u00e9es \u00e0 caract\u00e8re personnel \u00e0 des fins de gestion des commandes et de la client\u00e8le. Vous avez le droit d\u2019examiner et de corriger ces donn\u00e9es et pouvez vous opposer \u00e0 leur traitement \u00e0 des fins de marketing direct en envoyant un e-mail \u00e0 kevin@artuur-watches.be. Nous ne transmettrons jamais vous donn\u00e9es personnelles \u00e0 des tiers et les informations encod\u00e9es sont trait\u00e9es sous forme crypt\u00e9e.<\/p>\n<p>ART. 8: S\u00c9CURIT\u00c9<\/p>\n<p>Voyze notre politique de confidentialit\u00e9\u00a0:<\/p>\n<p><a href=\"https:\/\/www.artuur-watches.be\/fr\/politique-de-confidentialite\/\">https:\/\/www.artuur-watches.be\/fr\/politique-de-confidentialite\/<\/a><\/p>\n<p><strong>\u00a0<\/strong><\/p>\n<p>ART. 9: PROPRI\u00c9T\u00c9 INTELLECTUELLE<strong><br \/>\n<\/strong>Tous les textes, commentaires, ouvrages, illustrations et images reproduits sur le site\u00a0web sont r\u00e9serv\u00e9s au titre du droit d\u2019auteur ainsi qu\u2019au titre de la propri\u00e9t\u00e9 intellectuelle dans le monde entier. \u00c0 ce titre et conform\u00e9ment aux dispositions de la l\u00e9gislation relative \u00e0 la propri\u00e9t\u00e9 intellectuelle, seule est permise l&#8217;utilisation pour un usage priv\u00e9, sous r\u00e9serve de dispositions sp\u00e9ciales pr\u00e9alablement convenues en conformit\u00e9 avec la l\u00e9gislation relative \u00e0 la propri\u00e9t\u00e9 intellectuelle. Toute autre utilisation est constitutive de contrefa\u00e7on et sanctionn\u00e9e au titre de la propri\u00e9t\u00e9 intellectuelle, sauf autorisation pr\u00e9alable d\u2019ARTUUR.<\/p>\n<p>&nbsp;<\/p>\n<p>ART. 10: COORDONN\u00c9ES DE L\u2019ENTREPRISE<br \/>\nKP PROJECTS &amp; CONSULTING GCV<br \/>\nTOREKENSVELDEN 30<br \/>\n2861 OLV WAVER<br \/>\nBelgique n\u00b0 de TVA\u00a0: BE 0834 240 679<\/p>\n<p>Notre \u00e9quipe est \u00e0 votre disposition du lundi au vendredi de 8\u00a0h\u00a030 \u00e0 17\u00a0h HNEC.<\/p>\n<p>&nbsp;<\/p>\n","protected":false},"excerpt":{"rendered":"<p>ART. 1: PRIX Tous les prix sont affich\u00e9s en EUR (la livraison est gratuite pour toutes les commandes). ARTUUR se r\u00e9serve le droit de modifier ses prix \u00e0 tout moment&hellip;<\/p>\n","protected":false},"author":1,"featured_media":0,"parent":0,"menu_order":23,"comment_status":"closed","ping_status":"closed","template":"","meta":{"inline_featured_image":false,"_joinchat":[],"footnotes":""},"class_list":["post-2264","page","type-page","status-publish","hentry"],"yoast_head":"<!-- This site is optimized with the Yoast SEO plugin v23.5 - https:\/\/yoast.com\/wordpress\/plugins\/seo\/ -->\n<title>Conditions g\u00e9n\u00e9rales - Artuur Watches<\/title>\n<meta name=\"robots\" content=\"noindex, follow, max-snippet:-1, max-image-preview:large, max-video-preview:-1\" \/>\n<meta property=\"og:locale\" content=\"fr_FR\" \/>\n<meta property=\"og:type\" content=\"article\" \/>\n<meta property=\"og:title\" content=\"Conditions g\u00e9n\u00e9rales - Artuur Watches\" \/>\n<meta property=\"og:description\" content=\"ART. 1: PRIX Tous les prix sont affich\u00e9s en EUR (la livraison est gratuite pour toutes les commandes). ARTUUR se r\u00e9serve le droit de modifier ses prix \u00e0 tout moment&hellip;\" \/>\n<meta property=\"og:url\" content=\"https:\/\/staging.artuur-watches.be\/fr\/conditions-generales\/\" \/>\n<meta property=\"og:site_name\" content=\"Artuur Watches\" \/>\n<meta property=\"article:publisher\" content=\"https:\/\/www.facebook.com\/artuurwatches\/\" \/>\n<meta property=\"article:modified_time\" content=\"2021-04-15T15:38:24+00:00\" \/>\n<meta name=\"twitter:card\" content=\"summary_large_image\" \/>\n<meta name=\"twitter:label1\" content=\"Dur\u00e9e de lecture est.\" \/>\n\t<meta name=\"twitter:data1\" content=\"5 minutes\" \/>\n<script type=\"application\/ld+json\" class=\"yoast-schema-graph\">{\"@context\":\"https:\/\/schema.org\",\"@graph\":[{\"@type\":\"WebPage\",\"@id\":\"https:\/\/staging.artuur-watches.be\/fr\/conditions-generales\/\",\"url\":\"https:\/\/staging.artuur-watches.be\/fr\/conditions-generales\/\",\"name\":\"Conditions g\u00e9n\u00e9rales - Artuur Watches\",\"isPartOf\":{\"@id\":\"https:\/\/staging.artuur-watches.be\/fr\/#website\"},\"datePublished\":\"2020-09-21T15:10:43+00:00\",\"dateModified\":\"2021-04-15T15:38:24+00:00\",\"breadcrumb\":{\"@id\":\"https:\/\/staging.artuur-watches.be\/fr\/conditions-generales\/#breadcrumb\"},\"inLanguage\":\"fr-BE\",\"potentialAction\":[{\"@type\":\"ReadAction\",\"target\":[\"https:\/\/staging.artuur-watches.be\/fr\/conditions-generales\/\"]}]},{\"@type\":\"BreadcrumbList\",\"@id\":\"https:\/\/staging.artuur-watches.be\/fr\/conditions-generales\/#breadcrumb\",\"itemListElement\":[{\"@type\":\"ListItem\",\"position\":1,\"name\":\"Home\",\"item\":\"https:\/\/staging.artuur-watches.be\/fr\/\"},{\"@type\":\"ListItem\",\"position\":2,\"name\":\"Conditions g\u00e9n\u00e9rales\"}]},{\"@type\":\"WebSite\",\"@id\":\"https:\/\/staging.artuur-watches.be\/fr\/#website\",\"url\":\"https:\/\/staging.artuur-watches.be\/fr\/\",\"name\":\"Artuur Watches\",\"description\":\"A new Belgian watchbrand, combining timelessness and elegance in a super-personal design.\",\"publisher\":{\"@id\":\"https:\/\/staging.artuur-watches.be\/fr\/#organization\"},\"potentialAction\":[{\"@type\":\"SearchAction\",\"target\":{\"@type\":\"EntryPoint\",\"urlTemplate\":\"https:\/\/staging.artuur-watches.be\/fr\/?s={search_term_string}\"},\"query-input\":{\"@type\":\"PropertyValueSpecification\",\"valueRequired\":true,\"valueName\":\"search_term_string\"}}],\"inLanguage\":\"fr-BE\"},{\"@type\":\"Organization\",\"@id\":\"https:\/\/staging.artuur-watches.be\/fr\/#organization\",\"name\":\"Artuur watches\",\"url\":\"https:\/\/staging.artuur-watches.be\/fr\/\",\"logo\":{\"@type\":\"ImageObject\",\"inLanguage\":\"fr-BE\",\"@id\":\"https:\/\/staging.artuur-watches.be\/fr\/#\/schema\/logo\/image\/\",\"url\":\"https:\/\/www.artuur-watches.be\/wp-content\/uploads\/2020\/07\/Logo_Artuur-dark_Artuur.png\",\"contentUrl\":\"https:\/\/www.artuur-watches.be\/wp-content\/uploads\/2020\/07\/Logo_Artuur-dark_Artuur.png\",\"width\":5316,\"height\":751,\"caption\":\"Artuur watches\"},\"image\":{\"@id\":\"https:\/\/staging.artuur-watches.be\/fr\/#\/schema\/logo\/image\/\"},\"sameAs\":[\"https:\/\/www.facebook.com\/artuurwatches\/\",\"https:\/\/www.instagram.com\/artuurwatches\/\"]}]}<\/script>\n<!-- \/ Yoast SEO plugin. -->","yoast_head_json":{"title":"Conditions g\u00e9n\u00e9rales - Artuur Watches","robots":{"index":"noindex","follow":"follow","max-snippet":"max-snippet:-1","max-image-preview":"max-image-preview:large","max-video-preview":"max-video-preview:-1"},"og_locale":"fr_FR","og_type":"article","og_title":"Conditions g\u00e9n\u00e9rales - Artuur Watches","og_description":"ART. 1: PRIX Tous les prix sont affich\u00e9s en EUR (la livraison est gratuite pour toutes les commandes). ARTUUR se r\u00e9serve le droit de modifier ses prix \u00e0 tout moment&hellip;","og_url":"https:\/\/staging.artuur-watches.be\/fr\/conditions-generales\/","og_site_name":"Artuur Watches","article_publisher":"https:\/\/www.facebook.com\/artuurwatches\/","article_modified_time":"2021-04-15T15:38:24+00:00","twitter_card":"summary_large_image","twitter_misc":{"Dur\u00e9e de lecture est.":"5 minutes"},"schema":{"@context":"https:\/\/schema.org","@graph":[{"@type":"WebPage","@id":"https:\/\/staging.artuur-watches.be\/fr\/conditions-generales\/","url":"https:\/\/staging.artuur-watches.be\/fr\/conditions-generales\/","name":"Conditions g\u00e9n\u00e9rales - Artuur Watches","isPartOf":{"@id":"https:\/\/staging.artuur-watches.be\/fr\/#website"},"datePublished":"2020-09-21T15:10:43+00:00","dateModified":"2021-04-15T15:38:24+00:00","breadcrumb":{"@id":"https:\/\/staging.artuur-watches.be\/fr\/conditions-generales\/#breadcrumb"},"inLanguage":"fr-BE","potentialAction":[{"@type":"ReadAction","target":["https:\/\/staging.artuur-watches.be\/fr\/conditions-generales\/"]}]},{"@type":"BreadcrumbList","@id":"https:\/\/staging.artuur-watches.be\/fr\/conditions-generales\/#breadcrumb","itemListElement":[{"@type":"ListItem","position":1,"name":"Home","item":"https:\/\/staging.artuur-watches.be\/fr\/"},{"@type":"ListItem","position":2,"name":"Conditions g\u00e9n\u00e9rales"}]},{"@type":"WebSite","@id":"https:\/\/staging.artuur-watches.be\/fr\/#website","url":"https:\/\/staging.artuur-watches.be\/fr\/","name":"Artuur Watches","description":"A new Belgian watchbrand, combining timelessness and elegance in a super-personal design.","publisher":{"@id":"https:\/\/staging.artuur-watches.be\/fr\/#organization"},"potentialAction":[{"@type":"SearchAction","target":{"@type":"EntryPoint","urlTemplate":"https:\/\/staging.artuur-watches.be\/fr\/?s={search_term_string}"},"query-input":{"@type":"PropertyValueSpecification","valueRequired":true,"valueName":"search_term_string"}}],"inLanguage":"fr-BE"},{"@type":"Organization","@id":"https:\/\/staging.artuur-watches.be\/fr\/#organization","name":"Artuur watches","url":"https:\/\/staging.artuur-watches.be\/fr\/","logo":{"@type":"ImageObject","inLanguage":"fr-BE","@id":"https:\/\/staging.artuur-watches.be\/fr\/#\/schema\/logo\/image\/","url":"https:\/\/www.artuur-watches.be\/wp-content\/uploads\/2020\/07\/Logo_Artuur-dark_Artuur.png","contentUrl":"https:\/\/www.artuur-watches.be\/wp-content\/uploads\/2020\/07\/Logo_Artuur-dark_Artuur.png","width":5316,"height":751,"caption":"Artuur watches"},"image":{"@id":"https:\/\/staging.artuur-watches.be\/fr\/#\/schema\/logo\/image\/"},"sameAs":["https:\/\/www.facebook.com\/artuurwatches\/","https:\/\/www.instagram.com\/artuurwatches\/"]}]}},"_links":{"self":[{"href":"https:\/\/staging.artuur-watches.be\/fr\/wp-json\/wp\/v2\/pages\/2264"}],"collection":[{"href":"https:\/\/staging.artuur-watches.be\/fr\/wp-json\/wp\/v2\/pages"}],"about":[{"href":"https:\/\/staging.artuur-watches.be\/fr\/wp-json\/wp\/v2\/types\/page"}],"author":[{"embeddable":true,"href":"https:\/\/staging.artuur-watches.be\/fr\/wp-json\/wp\/v2\/users\/1"}],"replies":[{"embeddable":true,"href":"https:\/\/staging.artuur-watches.be\/fr\/wp-json\/wp\/v2\/comments?post=2264"}],"version-history":[{"count":6,"href":"https:\/\/staging.artuur-watches.be\/fr\/wp-json\/wp\/v2\/pages\/2264\/revisions"}],"predecessor-version":[{"id":4328,"href":"https:\/\/staging.artuur-watches.be\/fr\/wp-json\/wp\/v2\/pages\/2264\/revisions\/4328"}],"wp:attachment":[{"href":"https:\/\/staging.artuur-watches.be\/fr\/wp-json\/wp\/v2\/media?parent=2264"}],"curies":[{"name":"wp","href":"https:\/\/api.w.org\/{rel}","templated":true}]}}