    {"id":1830,"date":"2020-07-29T09:10:09","date_gmt":"2020-07-29T09:10:09","guid":{"rendered":"https:\/\/www.artuur-watches.be\/?page_id=1830"},"modified":"2020-10-20T11:45:33","modified_gmt":"2020-10-20T11:45:33","slug":"a-propos-dartuur","status":"publish","type":"page","link":"https:\/\/staging.artuur-watches.be\/fr\/a-propos-dartuur\/","title":{"rendered":"A propos d&#8217;ARTUUR"},"content":{"rendered":"<p>[vc_row][vc_column][vc_empty_space height=&#8221;60px&#8221;][\/vc_column][\/vc_row][vc_row][vc_column width=&#8221;1\/3&#8243;][vc_custom_heading text=&#8221;A propos d&#8217; ARTUUR&#8221; use_theme_fonts=&#8221;yes&#8221;][\/vc_column][vc_column width=&#8221;2\/3&#8243;][vc_column_text]<\/p>\n<h4><span class=\"s1\">Simple mais pas simpliste<\/span><\/h4>\n<p class=\"p1\"><span lang=\"FR\">Voil\u00e0 en quelques mots l\u2019esth\u00e9tique d\u2019ARTUUR. La nouvelle marque de montres belge propose un cadran incurv\u00e9 unique avec des bracelets adaptables. Le r\u00e9sultat\u00a0: une montre \u00e9l\u00e9gante, intemporelle et en m\u00eame temps, hyper personnelle.<\/span><\/p>\n<p>[\/vc_column_text][\/vc_column][\/vc_row][vc_row full_width=&#8221;stretch_row_content&#8221;][vc_column][vc_empty_space height=&#8221;65px&#8221;][vc_single_image image=&#8221;1745&#8243; img_size=&#8221;full&#8221; alignment=&#8221;center&#8221;][\/vc_column][\/vc_row][vc_row][vc_column width=&#8221;1\/3&#8243;][vc_custom_heading text=&#8221;Cr\u00e9\u00e9e par&#8221; use_theme_fonts=&#8221;yes&#8221;][\/vc_column][vc_column width=&#8221;2\/3&#8243;][vc_column_text]<\/p>\n<h4><span class=\"TextRun SCXW221843540 BCX4\" lang=\"FR-FR\" xml:lang=\"FR-FR\" data-contrast=\"none\"><span class=\"NormalTextRun SCXW221843540 BCX4\"><b><span lang=\"FR\">La marque ARTUUR a \u00e9t\u00e9 cr\u00e9\u00e9 \u00e0 Anvers par Kevin Perez, passionn\u00e9 d\u2019horlogerie.<\/span><\/b><\/span><\/span><\/h4>\n<p>La montre ARTUUR se distingue pas son cadran incurv\u00e9, qui d\u00e9voile une perspective diff\u00e9rente \u00e0 chaque mouvement du poignet. Le choix d\u00e9lib\u00e9r\u00e9 d\u2019un cadran de couleurs classique, comme le noir et le blanc, permet d\u2019accentuer encore plus l\u2019effet qui procure sa forme singuli\u00e8re.[\/vc_column_text][\/vc_column][\/vc_row][vc_row][vc_column width=&#8221;1\/3&#8243;][vc_custom_heading text=&#8221;Must have&#8221; use_theme_fonts=&#8221;yes&#8221;][\/vc_column][vc_column width=&#8221;2\/3&#8243;][vc_column_text]<\/p>\n<h4><span class=\"s1\">Bracelets interchangeables.<\/span><\/h4>\n<p>Les montres ARTUUR sont de v\u00e9ritables accessoires de mode. Gr\u00e2ce \u00e0 leurs bracelets changeables, elles s\u2019adaptent \u00e0 tous les styles, occasions, humeurs et saisons. ARTUUR s\u2019adresse \u00e0 tous, de l\u2019homme d\u2019affaires \u00e0 l\u2019\u00e9tudiant, des artistes aux s\u00e9niors\u00a0: il existe une montre ARTUUR pour chacun.[\/vc_column_text][\/vc_column][\/vc_row]<\/p>\n","protected":false},"excerpt":{"rendered":"<p>[vc_row][vc_column][vc_empty_space height=&#8221;60px&#8221;][\/vc_column][\/vc_row][vc_row][vc_column width=&#8221;1\/3&#8243;][vc_custom_heading text=&#8221;A propos d&#8217; ARTUUR&#8221; use_theme_fonts=&#8221;yes&#8221;][\/vc_column][vc_column width=&#8221;2\/3&#8243;][vc_column_text] Simple mais pas simpliste Voil\u00e0 en quelques mots l\u2019esth\u00e9tique d\u2019ARTUUR. La nouvelle marque de montres belge propose un cadran incurv\u00e9 unique&hellip;<\/p>\n","protected":false},"author":1,"featured_media":3261,"parent":0,"menu_order":14,"comment_status":"closed","ping_status":"closed","template":"","meta":{"inline_featured_image":false,"_joinchat":[],"footnotes":""},"class_list":["post-1830","page","type-page","status-publish","has-post-thumbnail","hentry"],"yoast_head":"<!-- This site is optimized with the Yoast SEO plugin v23.5 - https:\/\/yoast.com\/wordpress\/plugins\/seo\/ -->\n<title>L&#039;histoire des incontournables montres Artuur - Artuur Watches<\/title>\n<meta name=\"description\" content=\"La particularit\u00e9 des montres Artuur est leur cadran incurv\u00e9. Une perspective diff\u00e9rente est cr\u00e9\u00e9e \u00e0 chaque mouvement du poignet.\" \/>\n<meta name=\"robots\" content=\"noindex, follow, max-snippet:-1, max-image-preview:large, max-video-preview:-1\" \/>\n<meta property=\"og:locale\" content=\"fr_FR\" \/>\n<meta property=\"og:type\" content=\"article\" \/>\n<meta property=\"og:title\" content=\"L&#039;histoire des incontournables montres Artuur - Artuur Watches\" \/>\n<meta property=\"og:description\" content=\"La particularit\u00e9 des montres Artuur est leur cadran incurv\u00e9. Une perspective diff\u00e9rente est cr\u00e9\u00e9e \u00e0 chaque mouvement du poignet.\" \/>\n<meta property=\"og:url\" content=\"https:\/\/staging.artuur-watches.be\/fr\/a-propos-dartuur\/\" \/>\n<meta property=\"og:site_name\" content=\"Artuur Watches\" \/>\n<meta property=\"article:publisher\" content=\"https:\/\/www.facebook.com\/artuurwatches\/\" \/>\n<meta property=\"article:modified_time\" content=\"2020-10-20T11:45:33+00:00\" \/>\n<meta property=\"og:image\" content=\"https:\/\/staging.artuur-watches.be\/wp-content\/uploads\/2020\/10\/ARTUUR-98-scaled.jpg\" \/>\n\t<meta property=\"og:image:width\" content=\"2560\" \/>\n\t<meta property=\"og:image:height\" content=\"1708\" \/>\n\t<meta property=\"og:image:type\" content=\"image\/jpeg\" \/>\n<meta name=\"twitter:card\" content=\"summary_large_image\" \/>\n<meta name=\"twitter:label1\" content=\"Dur\u00e9e de lecture est.\" \/>\n\t<meta name=\"twitter:data1\" content=\"1 minute\" \/>\n<script type=\"application\/ld+json\" class=\"yoast-schema-graph\">{\"@context\":\"https:\/\/schema.org\",\"@graph\":[{\"@type\":\"WebPage\",\"@id\":\"https:\/\/staging.artuur-watches.be\/fr\/a-propos-dartuur\/\",\"url\":\"https:\/\/staging.artuur-watches.be\/fr\/a-propos-dartuur\/\",\"name\":\"L'histoire des incontournables montres Artuur - Artuur Watches\",\"isPartOf\":{\"@id\":\"https:\/\/staging.artuur-watches.be\/fr\/#website\"},\"primaryImageOfPage\":{\"@id\":\"https:\/\/staging.artuur-watches.be\/fr\/a-propos-dartuur\/#primaryimage\"},\"image\":{\"@id\":\"https:\/\/staging.artuur-watches.be\/fr\/a-propos-dartuur\/#primaryimage\"},\"thumbnailUrl\":\"https:\/\/staging.artuur-watches.be\/wp-content\/uploads\/2020\/10\/ARTUUR-98-scaled.jpg\",\"datePublished\":\"2020-07-29T09:10:09+00:00\",\"dateModified\":\"2020-10-20T11:45:33+00:00\",\"description\":\"La particularit\u00e9 des montres Artuur est leur cadran incurv\u00e9. Une perspective diff\u00e9rente est cr\u00e9\u00e9e \u00e0 chaque mouvement du poignet.\",\"breadcrumb\":{\"@id\":\"https:\/\/staging.artuur-watches.be\/fr\/a-propos-dartuur\/#breadcrumb\"},\"inLanguage\":\"fr-BE\",\"potentialAction\":[{\"@type\":\"ReadAction\",\"target\":[\"https:\/\/staging.artuur-watches.be\/fr\/a-propos-dartuur\/\"]}]},{\"@type\":\"ImageObject\",\"inLanguage\":\"fr-BE\",\"@id\":\"https:\/\/staging.artuur-watches.be\/fr\/a-propos-dartuur\/#primaryimage\",\"url\":\"https:\/\/staging.artuur-watches.be\/wp-content\/uploads\/2020\/10\/ARTUUR-98-scaled.jpg\",\"contentUrl\":\"https:\/\/staging.artuur-watches.be\/wp-content\/uploads\/2020\/10\/ARTUUR-98-scaled.jpg\",\"width\":2560,\"height\":1708},{\"@type\":\"BreadcrumbList\",\"@id\":\"https:\/\/staging.artuur-watches.be\/fr\/a-propos-dartuur\/#breadcrumb\",\"itemListElement\":[{\"@type\":\"ListItem\",\"position\":1,\"name\":\"Home\",\"item\":\"https:\/\/staging.artuur-watches.be\/fr\/\"},{\"@type\":\"ListItem\",\"position\":2,\"name\":\"A propos d&#8217;ARTUUR\"}]},{\"@type\":\"WebSite\",\"@id\":\"https:\/\/staging.artuur-watches.be\/fr\/#website\",\"url\":\"https:\/\/staging.artuur-watches.be\/fr\/\",\"name\":\"Artuur Watches\",\"description\":\"A new Belgian watchbrand, combining timelessness and elegance in a super-personal design.\",\"publisher\":{\"@id\":\"https:\/\/staging.artuur-watches.be\/fr\/#organization\"},\"potentialAction\":[{\"@type\":\"SearchAction\",\"target\":{\"@type\":\"EntryPoint\",\"urlTemplate\":\"https:\/\/staging.artuur-watches.be\/fr\/?s={search_term_string}\"},\"query-input\":{\"@type\":\"PropertyValueSpecification\",\"valueRequired\":true,\"valueName\":\"search_term_string\"}}],\"inLanguage\":\"fr-BE\"},{\"@type\":\"Organization\",\"@id\":\"https:\/\/staging.artuur-watches.be\/fr\/#organization\",\"name\":\"Artuur watches\",\"url\":\"https:\/\/staging.artuur-watches.be\/fr\/\",\"logo\":{\"@type\":\"ImageObject\",\"inLanguage\":\"fr-BE\",\"@id\":\"https:\/\/staging.artuur-watches.be\/fr\/#\/schema\/logo\/image\/\",\"url\":\"https:\/\/www.artuur-watches.be\/wp-content\/uploads\/2020\/07\/Logo_Artuur-dark_Artuur.png\",\"contentUrl\":\"https:\/\/www.artuur-watches.be\/wp-content\/uploads\/2020\/07\/Logo_Artuur-dark_Artuur.png\",\"width\":5316,\"height\":751,\"caption\":\"Artuur watches\"},\"image\":{\"@id\":\"https:\/\/staging.artuur-watches.be\/fr\/#\/schema\/logo\/image\/\"},\"sameAs\":[\"https:\/\/www.facebook.com\/artuurwatches\/\",\"https:\/\/www.instagram.com\/artuurwatches\/\"]}]}<\/script>\n<!-- \/ Yoast SEO plugin. -->","yoast_head_json":{"title":"L'histoire des incontournables montres Artuur - Artuur Watches","description":"La particularit\u00e9 des montres Artuur est leur cadran incurv\u00e9. Une perspective diff\u00e9rente est cr\u00e9\u00e9e \u00e0 chaque mouvement du poignet.","robots":{"index":"noindex","follow":"follow","max-snippet":"max-snippet:-1","max-image-preview":"max-image-preview:large","max-video-preview":"max-video-preview:-1"},"og_locale":"fr_FR","og_type":"article","og_title":"L'histoire des incontournables montres Artuur - Artuur Watches","og_description":"La particularit\u00e9 des montres Artuur est leur cadran incurv\u00e9. Une perspective diff\u00e9rente est cr\u00e9\u00e9e \u00e0 chaque mouvement du poignet.","og_url":"https:\/\/staging.artuur-watches.be\/fr\/a-propos-dartuur\/","og_site_name":"Artuur Watches","article_publisher":"https:\/\/www.facebook.com\/artuurwatches\/","article_modified_time":"2020-10-20T11:45:33+00:00","og_image":[{"width":2560,"height":1708,"url":"https:\/\/staging.artuur-watches.be\/wp-content\/uploads\/2020\/10\/ARTUUR-98-scaled.jpg","type":"image\/jpeg"}],"twitter_card":"summary_large_image","twitter_misc":{"Dur\u00e9e de lecture est.":"1 minute"},"schema":{"@context":"https:\/\/schema.org","@graph":[{"@type":"WebPage","@id":"https:\/\/staging.artuur-watches.be\/fr\/a-propos-dartuur\/","url":"https:\/\/staging.artuur-watches.be\/fr\/a-propos-dartuur\/","name":"L'histoire des incontournables montres Artuur - Artuur Watches","isPartOf":{"@id":"https:\/\/staging.artuur-watches.be\/fr\/#website"},"primaryImageOfPage":{"@id":"https:\/\/staging.artuur-watches.be\/fr\/a-propos-dartuur\/#primaryimage"},"image":{"@id":"https:\/\/staging.artuur-watches.be\/fr\/a-propos-dartuur\/#primaryimage"},"thumbnailUrl":"https:\/\/staging.artuur-watches.be\/wp-content\/uploads\/2020\/10\/ARTUUR-98-scaled.jpg","datePublished":"2020-07-29T09:10:09+00:00","dateModified":"2020-10-20T11:45:33+00:00","description":"La particularit\u00e9 des montres Artuur est leur cadran incurv\u00e9. Une perspective diff\u00e9rente est cr\u00e9\u00e9e \u00e0 chaque mouvement du poignet.","breadcrumb":{"@id":"https:\/\/staging.artuur-watches.be\/fr\/a-propos-dartuur\/#breadcrumb"},"inLanguage":"fr-BE","potentialAction":[{"@type":"ReadAction","target":["https:\/\/staging.artuur-watches.be\/fr\/a-propos-dartuur\/"]}]},{"@type":"ImageObject","inLanguage":"fr-BE","@id":"https:\/\/staging.artuur-watches.be\/fr\/a-propos-dartuur\/#primaryimage","url":"https:\/\/staging.artuur-watches.be\/wp-content\/uploads\/2020\/10\/ARTUUR-98-scaled.jpg","contentUrl":"https:\/\/staging.artuur-watches.be\/wp-content\/uploads\/2020\/10\/ARTUUR-98-scaled.jpg","width":2560,"height":1708},{"@type":"BreadcrumbList","@id":"https:\/\/staging.artuur-watches.be\/fr\/a-propos-dartuur\/#breadcrumb","itemListElement":[{"@type":"ListItem","position":1,"name":"Home","item":"https:\/\/staging.artuur-watches.be\/fr\/"},{"@type":"ListItem","position":2,"name":"A propos d&#8217;ARTUUR"}]},{"@type":"WebSite","@id":"https:\/\/staging.artuur-watches.be\/fr\/#website","url":"https:\/\/staging.artuur-watches.be\/fr\/","name":"Artuur Watches","description":"A new Belgian watchbrand, combining timelessness and elegance in a super-personal design.","publisher":{"@id":"https:\/\/staging.artuur-watches.be\/fr\/#organization"},"potentialAction":[{"@type":"SearchAction","target":{"@type":"EntryPoint","urlTemplate":"https:\/\/staging.artuur-watches.be\/fr\/?s={search_term_string}"},"query-input":{"@type":"PropertyValueSpecification","valueRequired":true,"valueName":"search_term_string"}}],"inLanguage":"fr-BE"},{"@type":"Organization","@id":"https:\/\/staging.artuur-watches.be\/fr\/#organization","name":"Artuur watches","url":"https:\/\/staging.artuur-watches.be\/fr\/","logo":{"@type":"ImageObject","inLanguage":"fr-BE","@id":"https:\/\/staging.artuur-watches.be\/fr\/#\/schema\/logo\/image\/","url":"https:\/\/www.artuur-watches.be\/wp-content\/uploads\/2020\/07\/Logo_Artuur-dark_Artuur.png","contentUrl":"https:\/\/www.artuur-watches.be\/wp-content\/uploads\/2020\/07\/Logo_Artuur-dark_Artuur.png","width":5316,"height":751,"caption":"Artuur watches"},"image":{"@id":"https:\/\/staging.artuur-watches.be\/fr\/#\/schema\/logo\/image\/"},"sameAs":["https:\/\/www.facebook.com\/artuurwatches\/","https:\/\/www.instagram.com\/artuurwatches\/"]}]}},"_links":{"self":[{"href":"https:\/\/staging.artuur-watches.be\/fr\/wp-json\/wp\/v2\/pages\/1830"}],"collection":[{"href":"https:\/\/staging.artuur-watches.be\/fr\/wp-json\/wp\/v2\/pages"}],"about":[{"href":"https:\/\/staging.artuur-watches.be\/fr\/wp-json\/wp\/v2\/types\/page"}],"author":[{"embeddable":true,"href":"https:\/\/staging.artuur-watches.be\/fr\/wp-json\/wp\/v2\/users\/1"}],"replies":[{"embeddable":true,"href":"https:\/\/staging.artuur-watches.be\/fr\/wp-json\/wp\/v2\/comments?post=1830"}],"version-history":[{"count":9,"href":"https:\/\/staging.artuur-watches.be\/fr\/wp-json\/wp\/v2\/pages\/1830\/revisions"}],"predecessor-version":[{"id":3638,"href":"https:\/\/staging.artuur-watches.be\/fr\/wp-json\/wp\/v2\/pages\/1830\/revisions\/3638"}],"wp:featuredmedia":[{"embeddable":true,"href":"https:\/\/staging.artuur-watches.be\/fr\/wp-json\/wp\/v2\/media\/3261"}],"wp:attachment":[{"href":"https:\/\/staging.artuur-watches.be\/fr\/wp-json\/wp\/v2\/media?parent=1830"}],"curies":[{"name":"wp","href":"https:\/\/api.w.org\/{rel}","templated":true}]}}